{"id":5854,"date":"2023-12-08T01:48:10","date_gmt":"2023-12-08T06:48:10","guid":{"rendered":"https:\/\/mcstaging.masterapplied.ca\/?page_id=5854"},"modified":"2023-12-08T02:44:04","modified_gmt":"2023-12-08T07:44:04","slug":"annonce-dexpansion-vers-louest","status":"publish","type":"page","link":"https:\/\/mcstaging.masterapplied.ca\/fr\/annonce-dexpansion-vers-louest\/","title":{"rendered":"Annonce d\u2019expansion vers l\u2019Ouest"},"content":{"rendered":"<div class=\"wpb-content-wrapper\"><p>[vc_row full_width=\u00a0\u00bbstretch_row_content_no_spaces\u00a0\u00bb el_class=\u00a0\u00bbrow-pad no-top-pad\u00a0\u00bb][vc_column][vc_single_image image=\u00a0\u00bb5830&Prime; img_size=\u00a0\u00bbfull\u00a0\u00bb][\/vc_column][\/vc_row][vc_row][vc_column][vc_column_text]Depuis le d\u00e9but des ann\u00e9es 1980, Master a \u00e9tabli une base solide en mati\u00e8re d\u2019expertise et de solutions sp\u00e9cialis\u00e9es dans les r\u00e9gions du Centre, de l&rsquo;Est et des Maritimes. \u00c0 la suite de r\u00e9cents partenariats dans l&rsquo;Ouest canadien, nous sommes heureux d&rsquo;annoncer que notre division sp\u00e9cialis\u00e9e, connue sous le nom de Solutions d&rsquo;Affaires, s&rsquo;est officiellement \u00e9tendue \u00e0 l&rsquo;ensemble du Canada.[\/vc_column_text][\/vc_column][\/vc_row][vc_row css=\u00a0\u00bb.vc_custom_1702019905896{margin-bottom: 20px !important;}\u00a0\u00bb][vc_column][vc_custom_heading text=\u00a0\u00bbSurvol\u00a0\u00bb font_container=\u00a0\u00bbtag:h2|text_align:left|color:%230a0a0a\u00a0\u00bb][vc_column_text]Dans l&rsquo;ensemble, notre \u00e9quipe de l&rsquo;Ouest s&rsquo;est agrandie et compte d\u00e9sormais plus de 50 professionnels qualifi\u00e9s dont :<\/p>\n<ul>\n<li><strong>14 nouveaux membres<\/strong> de l&rsquo;\u00e9quipe de produits CVCA sp\u00e9cialis\u00e9s JCI, qui am\u00e9liorent notre exp\u00e9rience collective et notre connaissance des produits.<\/li>\n<li><strong>4 nouveaux coll\u00e8gues d\u00e9vou\u00e9s<\/strong> en provenance de l&rsquo;\u00e9quipe de LOWE Mechanical Systems, une entreprise familiale respect\u00e9e de la r\u00e9gion Calgary.<\/li>\n<li><strong>6 nouveaux co\u00e9quipiers<\/strong> \u00e0 notre \u00e9quipe de Ventilation en Colombie-Britannique, pour r\u00e9pondre \u00e0 la croissance du march\u00e9 de la ventilation.<\/li>\n<li><strong>23 autres employ\u00e9s de Master<\/strong> desservant le segment du march\u00e9 commercial et de l&rsquo;hydronique de l&rsquo;Ouest canadien rejoindront \u00e9galement l&rsquo;\u00e9quipe de Solutions d\u2019Affaires.<\/li>\n<\/ul>\n<p>[\/vc_column_text][\/vc_column][\/vc_row][vc_row][vc_column][vc_custom_heading text=\u00a0\u00bbQuestions et r\u00e9ponses\u00a0\u00bb font_container=\u00a0\u00bbtag:h2|text_align:left|color:%230a0a0a\u00a0\u00bb][vc_custom_heading text=\u00a0\u00bbLa division Solutions d&rsquo;Affaires, c\u2019est quoi?\u00a0\u00bb font_container=\u00a0\u00bbtag:h4|text_align:left\u00a0\u00bb][vc_column_text css=\u00a0\u00bb.vc_custom_1702019485733{margin-bottom: 20px !important;}\u00a0\u00bb]La division Solutions d&rsquo;Affaires de Master est un r\u00e9seau regroupant des ing\u00e9nieurs et gestionnaires de projets hautement qualifi\u00e9s et outill\u00e9s pour s&rsquo;attaquer \u00e0 de grands projets commerciaux et industriels[\/vc_column_text][\/vc_column][\/vc_row][vc_row css=\u00a0\u00bb.vc_custom_1702019813654{margin-bottom: 30px !important;}\u00a0\u00bb][vc_column][vc_custom_heading text=\u00a0\u00bbQuelle est la diff\u00e9rence entre les Solutions d&rsquo;Affaires et la Distribution?\u00a0\u00bb font_container=\u00a0\u00bbtag:h4|text_align:left\u00a0\u00bb][vc_column_text]Master est bien \u00e9tabli \u00e0 travers l&rsquo;Am\u00e9rique du Nord en tant que distributeur en gros. Nous vendons des pi\u00e8ces au comptoir \u00e0 des clients, principalement des entrepreneurs, et nous vendons des marques de premier plan par l&rsquo;interm\u00e9diaire de notre r\u00e9seau de succursales.<\/p>\n<p>Dans le domaine des Solutions d&rsquo;Affaires, notre proposition de valeur est bas\u00e9e sur une combinaison unique de produits sp\u00e9cifi\u00e9s pour des projets commerciaux et industriels de petite, moyenne ou grande envergure. Ces projets n\u00e9cessitent la conception, la s\u00e9lection et la tarification de produits sp\u00e9cialis\u00e9s et peuvent n\u00e9cessiter une gamme de produits allant de l&rsquo;\u00e9quipement commercial et sp\u00e9cialis\u00e9 aux produits de ventilation, en passant par le chauffage et l&rsquo;hydronique. Une fois le projet con\u00e7u, notre \u00e9quipe de Solutions d\u2019Affaires r\u00e9pond aux appels d&rsquo;offres et vend aux entrepreneurs les produits et syst\u00e8mes que nous avons con\u00e7us.<\/p>\n<p>La croissance de Solutions d\u2019Affaires chez Master ne fait que commencer. Restez \u00e0 l&rsquo;aff\u00fbt pour en savoir plus sur nos produits et services de premi\u00e8re qualit\u00e9 dans les mois \u00e0 venir ![\/vc_column_text][\/vc_column][\/vc_row][vc_row css=\u00a0\u00bb.vc_custom_1702019147401{margin-bottom: 30px !important;}\u00a0\u00bb][vc_column][vc_custom_heading text=\u00a0\u00bb\u00c0 quoi pouvons-nous nous attendre du nouveau site Web?\u00a0\u00bb font_container=\u00a0\u00bbtag:h4|text_align:left\u00a0\u00bb][vc_column_text]Notre \u00e9quipe Solutions d&rsquo;Affaires a consacr\u00e9 du temps \u00e0 l&rsquo;\u00e9laboration d&rsquo;un site web d\u00e9taill\u00e9 contenant des informations sur les produits, les syst\u00e8mes et les solutions disponibles chez Master. Le contenu sera r\u00e9guli\u00e8rement mis \u00e0 jour et communiqu\u00e9, garantissant ainsi son exactitude et son caract\u00e8re informatif.[\/vc_column_text][\/vc_column][\/vc_row][vc_row el_class=\u00a0\u00bbno-hover\u00a0\u00bb][vc_column][vc_single_image image=\u00a0\u00bb5869&Prime; img_size=\u00a0\u00bbfull\u00a0\u00bb][\/vc_column][\/vc_row]<\/p>\n<\/div>","protected":false},"excerpt":{"rendered":"<p>[vc_row full_width=\u00a0\u00bbstretch_row_content_no_spaces\u00a0\u00bb el_class=\u00a0\u00bbrow-pad no-top-pad\u00a0\u00bb][vc_column][vc_single_image image=\u00a0\u00bb5830&Prime; img_size=\u00a0\u00bbfull\u00a0\u00bb][\/vc_column][\/vc_row][vc_row][vc_column][vc_column_text]Depuis le d\u00e9but des ann\u00e9es 1980, Master a \u00e9tabli une base solide en mati\u00e8re d\u2019expertise et de solutions sp\u00e9cialis\u00e9es dans les r\u00e9gions du Centre, de l&rsquo;Est et des Maritimes. \u00c0 la suite de r\u00e9cents partenariats dans l&rsquo;Ouest canadien, nous sommes heureux d&rsquo;annoncer que notre division sp\u00e9cialis\u00e9e, connue sous le nom &#8230; <a title=\"Annonce d\u2019expansion vers l\u2019Ouest\" class=\"read-more\" href=\"https:\/\/mcstaging.masterapplied.ca\/fr\/annonce-dexpansion-vers-louest\/\" aria-label=\"More on Annonce d\u2019expansion vers l\u2019Ouest\">Lire la suite<\/a><\/p>\n","protected":false},"author":1,"featured_media":0,"parent":0,"menu_order":0,"comment_status":"closed","ping_status":"closed","template":"","meta":{"_acf_changed":false,"footnotes":""},"class_list":["post-5854","page","type-page","status-publish"],"acf":[],"yoast_head":"<!-- This site is optimized with the Yoast SEO plugin v27.5 - https:\/\/yoast.com\/product\/yoast-seo-wordpress\/ -->\n<title>Annonce d\u2019expansion vers l\u2019Ouest - Master Business Solutions<\/title>\n<meta name=\"robots\" content=\"noindex, follow, max-snippet:-1, max-image-preview:large, max-video-preview:-1\" \/>\n<meta property=\"og:locale\" content=\"fr_FR\" \/>\n<meta property=\"og:type\" content=\"article\" \/>\n<meta property=\"og:title\" content=\"Annonce d\u2019expansion vers l\u2019Ouest - Master Business Solutions\" \/>\n<meta property=\"og:description\" content=\"[vc_row full_width=\u00a0\u00bbstretch_row_content_no_spaces\u00a0\u00bb el_class=\u00a0\u00bbrow-pad no-top-pad\u00a0\u00bb][vc_column][vc_single_image image=\u00a0\u00bb5830&Prime; img_size=\u00a0\u00bbfull\u00a0\u00bb][\/vc_column][\/vc_row][vc_row][vc_column][vc_column_text]Depuis le d\u00e9but des ann\u00e9es 1980, Master a \u00e9tabli une base solide en mati\u00e8re d\u2019expertise et de solutions sp\u00e9cialis\u00e9es dans les r\u00e9gions du Centre, de l&rsquo;Est et des Maritimes. \u00c0 la suite de r\u00e9cents partenariats dans l&rsquo;Ouest canadien, nous sommes heureux d&rsquo;annoncer que notre division sp\u00e9cialis\u00e9e, connue sous le nom ... Lire la suite\" \/>\n<meta property=\"og:url\" content=\"https:\/\/mcstaging.masterapplied.ca\/fr\/annonce-dexpansion-vers-louest\/\" \/>\n<meta property=\"og:site_name\" content=\"Master Business Solutions\" \/>\n<meta property=\"article:modified_time\" content=\"2023-12-08T07:44:04+00:00\" \/>\n<meta name=\"twitter:card\" content=\"summary_large_image\" \/>\n<meta name=\"twitter:label1\" content=\"Dur\u00e9e de lecture estim\u00e9e\" \/>\n\t<meta name=\"twitter:data1\" content=\"2 minutes\" \/>\n<script type=\"application\/ld+json\" class=\"yoast-schema-graph\">{\"@context\":\"https:\\\/\\\/schema.org\",\"@graph\":[{\"@type\":\"WebPage\",\"@id\":\"https:\\\/\\\/mcstaging.masterapplied.ca\\\/fr\\\/annonce-dexpansion-vers-louest\\\/\",\"url\":\"https:\\\/\\\/mcstaging.masterapplied.ca\\\/fr\\\/annonce-dexpansion-vers-louest\\\/\",\"name\":\"Annonce d\u2019expansion vers l\u2019Ouest - Master Business Solutions\",\"isPartOf\":{\"@id\":\"https:\\\/\\\/mcstaging.masterapplied.ca\\\/#website\"},\"datePublished\":\"2023-12-08T06:48:10+00:00\",\"dateModified\":\"2023-12-08T07:44:04+00:00\",\"breadcrumb\":{\"@id\":\"https:\\\/\\\/mcstaging.masterapplied.ca\\\/fr\\\/annonce-dexpansion-vers-louest\\\/#breadcrumb\"},\"inLanguage\":\"fr-FR\",\"potentialAction\":[{\"@type\":\"ReadAction\",\"target\":[\"https:\\\/\\\/mcstaging.masterapplied.ca\\\/fr\\\/annonce-dexpansion-vers-louest\\\/\"]}]},{\"@type\":\"BreadcrumbList\",\"@id\":\"https:\\\/\\\/mcstaging.masterapplied.ca\\\/fr\\\/annonce-dexpansion-vers-louest\\\/#breadcrumb\",\"itemListElement\":[{\"@type\":\"ListItem\",\"position\":1,\"name\":\"Home\",\"item\":\"https:\\\/\\\/mcstaging.masterapplied.ca\\\/fr\\\/\"},{\"@type\":\"ListItem\",\"position\":2,\"name\":\"Annonce d\u2019expansion vers l\u2019Ouest\"}]},{\"@type\":\"WebSite\",\"@id\":\"https:\\\/\\\/mcstaging.masterapplied.ca\\\/#website\",\"url\":\"https:\\\/\\\/mcstaging.masterapplied.ca\\\/\",\"name\":\"Master Business Solutions\",\"description\":\"\",\"publisher\":{\"@id\":\"https:\\\/\\\/mcstaging.masterapplied.ca\\\/#organization\"},\"potentialAction\":[{\"@type\":\"SearchAction\",\"target\":{\"@type\":\"EntryPoint\",\"urlTemplate\":\"https:\\\/\\\/mcstaging.masterapplied.ca\\\/?s={search_term_string}\"},\"query-input\":{\"@type\":\"PropertyValueSpecification\",\"valueRequired\":true,\"valueName\":\"search_term_string\"}}],\"inLanguage\":\"fr-FR\"},{\"@type\":\"Organization\",\"@id\":\"https:\\\/\\\/mcstaging.masterapplied.ca\\\/#organization\",\"name\":\"Master Business Solutions\",\"url\":\"https:\\\/\\\/mcstaging.masterapplied.ca\\\/\",\"logo\":{\"@type\":\"ImageObject\",\"inLanguage\":\"fr-FR\",\"@id\":\"https:\\\/\\\/mcstaging.masterapplied.ca\\\/#\\\/schema\\\/logo\\\/image\\\/\",\"url\":\"https:\\\/\\\/mcstaging.masterapplied.ca\\\/wp-content\\\/uploads\\\/2023\\\/12\\\/logo_master_business_solution_EN599.webp\",\"contentUrl\":\"https:\\\/\\\/mcstaging.masterapplied.ca\\\/wp-content\\\/uploads\\\/2023\\\/12\\\/logo_master_business_solution_EN599.webp\",\"width\":298,\"height\":126,\"caption\":\"Master Business Solutions\"},\"image\":{\"@id\":\"https:\\\/\\\/mcstaging.masterapplied.ca\\\/#\\\/schema\\\/logo\\\/image\\\/\"}}]}<\/script>\n<!-- \/ Yoast SEO plugin. -->","yoast_head_json":{"title":"Annonce d\u2019expansion vers l\u2019Ouest - Master Business Solutions","robots":{"index":"noindex","follow":"follow","max-snippet":"max-snippet:-1","max-image-preview":"max-image-preview:large","max-video-preview":"max-video-preview:-1"},"og_locale":"fr_FR","og_type":"article","og_title":"Annonce d\u2019expansion vers l\u2019Ouest - Master Business Solutions","og_description":"[vc_row full_width=\u00a0\u00bbstretch_row_content_no_spaces\u00a0\u00bb el_class=\u00a0\u00bbrow-pad no-top-pad\u00a0\u00bb][vc_column][vc_single_image image=\u00a0\u00bb5830&Prime; img_size=\u00a0\u00bbfull\u00a0\u00bb][\/vc_column][\/vc_row][vc_row][vc_column][vc_column_text]Depuis le d\u00e9but des ann\u00e9es 1980, Master a \u00e9tabli une base solide en mati\u00e8re d\u2019expertise et de solutions sp\u00e9cialis\u00e9es dans les r\u00e9gions du Centre, de l&rsquo;Est et des Maritimes. \u00c0 la suite de r\u00e9cents partenariats dans l&rsquo;Ouest canadien, nous sommes heureux d&rsquo;annoncer que notre division sp\u00e9cialis\u00e9e, connue sous le nom ... Lire la suite","og_url":"https:\/\/mcstaging.masterapplied.ca\/fr\/annonce-dexpansion-vers-louest\/","og_site_name":"Master Business Solutions","article_modified_time":"2023-12-08T07:44:04+00:00","twitter_card":"summary_large_image","twitter_misc":{"Dur\u00e9e de lecture estim\u00e9e":"2 minutes"},"schema":{"@context":"https:\/\/schema.org","@graph":[{"@type":"WebPage","@id":"https:\/\/mcstaging.masterapplied.ca\/fr\/annonce-dexpansion-vers-louest\/","url":"https:\/\/mcstaging.masterapplied.ca\/fr\/annonce-dexpansion-vers-louest\/","name":"Annonce d\u2019expansion vers l\u2019Ouest - Master Business Solutions","isPartOf":{"@id":"https:\/\/mcstaging.masterapplied.ca\/#website"},"datePublished":"2023-12-08T06:48:10+00:00","dateModified":"2023-12-08T07:44:04+00:00","breadcrumb":{"@id":"https:\/\/mcstaging.masterapplied.ca\/fr\/annonce-dexpansion-vers-louest\/#breadcrumb"},"inLanguage":"fr-FR","potentialAction":[{"@type":"ReadAction","target":["https:\/\/mcstaging.masterapplied.ca\/fr\/annonce-dexpansion-vers-louest\/"]}]},{"@type":"BreadcrumbList","@id":"https:\/\/mcstaging.masterapplied.ca\/fr\/annonce-dexpansion-vers-louest\/#breadcrumb","itemListElement":[{"@type":"ListItem","position":1,"name":"Home","item":"https:\/\/mcstaging.masterapplied.ca\/fr\/"},{"@type":"ListItem","position":2,"name":"Annonce d\u2019expansion vers l\u2019Ouest"}]},{"@type":"WebSite","@id":"https:\/\/mcstaging.masterapplied.ca\/#website","url":"https:\/\/mcstaging.masterapplied.ca\/","name":"Master Business Solutions","description":"","publisher":{"@id":"https:\/\/mcstaging.masterapplied.ca\/#organization"},"potentialAction":[{"@type":"SearchAction","target":{"@type":"EntryPoint","urlTemplate":"https:\/\/mcstaging.masterapplied.ca\/?s={search_term_string}"},"query-input":{"@type":"PropertyValueSpecification","valueRequired":true,"valueName":"search_term_string"}}],"inLanguage":"fr-FR"},{"@type":"Organization","@id":"https:\/\/mcstaging.masterapplied.ca\/#organization","name":"Master Business Solutions","url":"https:\/\/mcstaging.masterapplied.ca\/","logo":{"@type":"ImageObject","inLanguage":"fr-FR","@id":"https:\/\/mcstaging.masterapplied.ca\/#\/schema\/logo\/image\/","url":"https:\/\/mcstaging.masterapplied.ca\/wp-content\/uploads\/2023\/12\/logo_master_business_solution_EN599.webp","contentUrl":"https:\/\/mcstaging.masterapplied.ca\/wp-content\/uploads\/2023\/12\/logo_master_business_solution_EN599.webp","width":298,"height":126,"caption":"Master Business Solutions"},"image":{"@id":"https:\/\/mcstaging.masterapplied.ca\/#\/schema\/logo\/image\/"}}]}},"_links":{"self":[{"href":"https:\/\/mcstaging.masterapplied.ca\/fr\/wp-json\/wp\/v2\/pages\/5854","targetHints":{"allow":["GET"]}}],"collection":[{"href":"https:\/\/mcstaging.masterapplied.ca\/fr\/wp-json\/wp\/v2\/pages"}],"about":[{"href":"https:\/\/mcstaging.masterapplied.ca\/fr\/wp-json\/wp\/v2\/types\/page"}],"author":[{"embeddable":true,"href":"https:\/\/mcstaging.masterapplied.ca\/fr\/wp-json\/wp\/v2\/users\/1"}],"replies":[{"embeddable":true,"href":"https:\/\/mcstaging.masterapplied.ca\/fr\/wp-json\/wp\/v2\/comments?post=5854"}],"version-history":[{"count":8,"href":"https:\/\/mcstaging.masterapplied.ca\/fr\/wp-json\/wp\/v2\/pages\/5854\/revisions"}],"predecessor-version":[{"id":5872,"href":"https:\/\/mcstaging.masterapplied.ca\/fr\/wp-json\/wp\/v2\/pages\/5854\/revisions\/5872"}],"wp:attachment":[{"href":"https:\/\/mcstaging.masterapplied.ca\/fr\/wp-json\/wp\/v2\/media?parent=5854"}],"curies":[{"name":"wp","href":"https:\/\/api.w.org\/{rel}","templated":true}]}}