{"id":5760,"date":"2023-12-03T23:20:14","date_gmt":"2023-12-04T04:20:14","guid":{"rendered":"https:\/\/mcstaging.masterapplied.ca\/?page_id=5760"},"modified":"2026-02-06T17:05:35","modified_gmt":"2026-02-06T22:05:35","slug":"homepage-french","status":"publish","type":"page","link":"https:\/\/mcstaging.masterapplied.ca\/fr\/","title":{"rendered":"Accueil"},"content":{"rendered":"<div class=\"wpb-content-wrapper\"><p>[vc_row el_class=\u00a0\u00bbcls-second-slider\u00a0\u00bb][vc_column][\/vc_column][\/vc_row][vc_row el_class=\u00a0\u00bbrow-pad our-business-segment upper\u00a0\u00bb][vc_column][vc_custom_heading text=\u00a0\u00bbNOS SEGMENTS D\u2019AFFAIRES\u00a0\u00bb font_container=\u00a0\u00bbtag:h2|text_align:center\u00a0\u00bb use_theme_fonts=\u00a0\u00bbyes\u00a0\u00bb][vc_row_inner][vc_column_inner width=\u00a0\u00bb1\/4&Prime;][vc_single_image image=\u00a0\u00bb5738&Prime; img_size=\u00a0\u00bbfull\u00a0\u00bb alignment=\u00a0\u00bbcenter\u00a0\u00bb][vc_custom_heading text=\u00a0\u00bbPRODUITS SP\u00c9CIALIS\u00c9S\u00a0\u00bb font_container=\u00a0\u00bbtag:h4|text_align:center\u00a0\u00bb use_theme_fonts=\u00a0\u00bbyes\u00a0\u00bb][vc_custom_heading text=\u00a0\u00bbSyst\u00e8mes et solutions personnalis\u00e9s, efficaces sur le plan \u00e9nerg\u00e9tique pour vos grands b\u00e2timents institutionnels et industriels.\u00a0\u00bb font_container=\u00a0\u00bbtag:p|text_align:center\u00a0\u00bb use_theme_fonts=\u00a0\u00bbyes\u00a0\u00bb][\/vc_column_inner][vc_column_inner width=\u00a0\u00bb1\/4&Prime;][vc_single_image image=\u00a0\u00bb5740&Prime; img_size=\u00a0\u00bbfull\u00a0\u00bb alignment=\u00a0\u00bbcenter\u00a0\u00bb][vc_custom_heading text=\u00a0\u00bbCHAUFFAGE ET HYDRONIQUE\u00a0\u00bb font_container=\u00a0\u00bbtag:h4|text_align:center\u00a0\u00bb use_theme_fonts=\u00a0\u00bbyes\u00a0\u00bb][vc_custom_heading text=\u00a0\u00bbUne avanc\u00e9e dans la r\u00e9ponse \u00e0 la demande croissante de d\u00e9carbonation et de solutions de chauffage durables et renouvelables\u00a0\u00bb font_container=\u00a0\u00bbtag:p|text_align:center\u00a0\u00bb use_theme_fonts=\u00a0\u00bbyes\u00a0\u00bb][\/vc_column_inner][vc_column_inner width=\u00a0\u00bb1\/4&Prime;][vc_single_image image=\u00a0\u00bb5743&Prime; img_size=\u00a0\u00bbfull\u00a0\u00bb alignment=\u00a0\u00bbcenter\u00a0\u00bb][vc_custom_heading text=\u00a0\u00bbCOMMERCIAL\u00a0\u00bb font_container=\u00a0\u00bbtag:h4|text_align:center\u00a0\u00bb use_theme_fonts=\u00a0\u00bbyes\u00a0\u00bb][vc_custom_heading text=\u00a0\u00bbSolutions commerciales durables et rentables pour les \u00e9coles, les bureaux, les casinos et les immeubles r\u00e9sidentiels \u00e0 logements multiples (IRLM)\u00a0\u00bb font_container=\u00a0\u00bbtag:p|text_align:center\u00a0\u00bb use_theme_fonts=\u00a0\u00bbyes\u00a0\u00bb][\/vc_column_inner][vc_column_inner width=\u00a0\u00bb1\/4&Prime;][vc_single_image image=\u00a0\u00bb5745&Prime; img_size=\u00a0\u00bbfull\u00a0\u00bb alignment=\u00a0\u00bbcenter\u00a0\u00bb][vc_custom_heading text=\u00a0\u00bbVENTILATION\u00a0\u00bb font_container=\u00a0\u00bbtag:h4|text_align:center\u00a0\u00bb use_theme_fonts=\u00a0\u00bbyes\u00a0\u00bb][vc_custom_heading text=\u00a0\u00bbCr\u00e9er des environnements int\u00e9rieurs de qualit\u00e9 sup\u00e9rieure : silencieux, confortables, sains et productifs.\u00a0\u00bb font_container=\u00a0\u00bbtag:p|text_align:center\u00a0\u00bb use_theme_fonts=\u00a0\u00bbyes\u00a0\u00bb][\/vc_column_inner][\/vc_row_inner][\/vc_column][\/vc_row][vc_row el_class=\u00a0\u00bbrow-pad our-business-segment no-top-pad\u00a0\u00bb][vc_column][vc_custom_heading text=\u00a0\u00bbMARCH\u00c9S\u00a0\u00bb font_container=\u00a0\u00bbtag:h2|text_align:center\u00a0\u00bb use_theme_fonts=\u00a0\u00bbyes\u00a0\u00bb][vc_row_inner][vc_column_inner width=\u00a0\u00bb1\/3&Prime;][vc_single_image image=\u00a0\u00bb5747&Prime; img_size=\u00a0\u00bbfull\u00a0\u00bb alignment=\u00a0\u00bbcenter\u00a0\u00bb][vc_custom_heading text=\u00a0\u00bbCOMMERCIAL\u00a0\u00bb font_container=\u00a0\u00bbtag:h4|text_align:center\u00a0\u00bb use_theme_fonts=\u00a0\u00bbyes\u00a0\u00bb][vc_custom_heading text=\u00a0\u00bbQu&rsquo;il s&rsquo;agisse d&rsquo;espaces de bureaux commerciaux, de b\u00e2timents de vente au d\u00e9tail, de logements ou d&rsquo;entrep\u00f4ts, nous apportons notre soutien en mati\u00e8re de logistique et de livraison. Nous offrons \u00e9galement une assistance continue une fois le projet achev\u00e9, comprenant des services de formation, de maintenance, d&rsquo;accessoire et de r\u00e9paration.\u00a0\u00bb font_container=\u00a0\u00bbtag:p|text_align:center\u00a0\u00bb use_theme_fonts=\u00a0\u00bbyes\u00a0\u00bb][\/vc_column_inner][vc_column_inner width=\u00a0\u00bb1\/3&Prime;][vc_single_image image=\u00a0\u00bb5749&Prime; img_size=\u00a0\u00bbfull\u00a0\u00bb alignment=\u00a0\u00bbcenter\u00a0\u00bb][vc_custom_heading text=\u00a0\u00bbINSTITUTIONNEL\u00a0\u00bb font_container=\u00a0\u00bbtag:h4|text_align:center\u00a0\u00bb use_theme_fonts=\u00a0\u00bbyes\u00a0\u00bb][vc_custom_heading text=\u00a0\u00bbPour nos clients du march\u00e9 institutionnel, qui comprend un large \u00e9ventail d&rsquo;installations telles que des \u00e9coles, des h\u00f4pitaux, des b\u00e2timents gouvernementaux, des universit\u00e9s, des installations de recherche, et plus encore, nous offrons une s\u00e9lection compl\u00e8te de produits rentables, tandis que notre proposition de valeur unique nous permet de soutenir vos projets.\u00a0\u00bb font_container=\u00a0\u00bbtag:p|text_align:center\u00a0\u00bb use_theme_fonts=\u00a0\u00bbyes\u00a0\u00bb][\/vc_column_inner][vc_column_inner width=\u00a0\u00bb1\/3&Prime;][vc_single_image image=\u00a0\u00bb5751&Prime; img_size=\u00a0\u00bbfull\u00a0\u00bb alignment=\u00a0\u00bbcenter\u00a0\u00bb][vc_custom_heading text=\u00a0\u00bbINDUSTRIEL\u00a0\u00bb font_container=\u00a0\u00bbtag:h4|text_align:center\u00a0\u00bb use_theme_fonts=\u00a0\u00bbyes\u00a0\u00bb][vc_custom_heading text=\u00a0\u00bbNous avons de nombreuses ann\u00e9es d&rsquo;exp\u00e9rience sur le march\u00e9 industriel, aidant nos clients \u00e0 concevoir des syst\u00e8mes robustes qui leur permettront de tirer le meilleur profit de leurs syst\u00e8mes CVAC-R. Nous fournissons des conceptions sur mesure et des solutions techniques adapt\u00e9es afin de maximiser les \u00e9conomies d&rsquo;\u00e9nergie, de r\u00e9duire les temps d&rsquo;arr\u00eat et de minimiser les co\u00fbts d&rsquo;entretien.\u00a0\u00bb font_container=\u00a0\u00bbtag:p|text_align:center\u00a0\u00bb use_theme_fonts=\u00a0\u00bbyes\u00a0\u00bb][\/vc_column_inner][\/vc_row_inner][vc_row_inner][vc_column_inner][vc_btn title=\u00a0\u00bbEn savoir plus\u00a0\u00bb align=\u00a0\u00bbcenter\u00a0\u00bb css=\u00a0\u00bb.vc_custom_1701664255569{margin-top: 20px !important;}\u00a0\u00bb link=\u00a0\u00bburl:https%3A%2F%2Fmcstaging.masterapplied.ca%2Ffr%2Fmarches%2F\u00a0\u00bb el_class=\u00a0\u00bbcenter-btn\u00a0\u00bb][\/vc_column_inner][\/vc_row_inner][\/vc_column][\/vc_row][vc_row full_width=\u00a0\u00bbstretch_row\u00a0\u00bb el_class=\u00a0\u00bbrow-pad our-business-segment our-lab\u00a0\u00bb css=\u00a0\u00bb.vc_custom_1701664274386{background-image: url(https:\/\/mcstaging.masterapplied.ca\/wp-content\/uploads\/2023\/12\/lab-banner-2-scaled-1.webp?id=5755) !important;background-position: center !important;background-repeat: no-repeat !important;background-size: cover !important;}\u00a0\u00bb][vc_column][vc_row_inner content_placement=\u00a0\u00bbmiddle\u00a0\u00bb][vc_column_inner width=\u00a0\u00bb1\/2&Prime;][vc_single_image image=\u00a0\u00bb5753&Prime; img_size=\u00a0\u00bbfull\u00a0\u00bb alignment=\u00a0\u00bbcenter\u00a0\u00bb][\/vc_column_inner][vc_column_inner el_class=\u00a0\u00bbpad-left-50&Prime; width=\u00a0\u00bb1\/2&Prime;][vc_custom_heading text=\u00a0\u00bbNOS LABORATOIRES\u00a0\u00bb use_theme_fonts=\u00a0\u00bbyes\u00a0\u00bb][vc_custom_heading text=\u00a0\u00bbNos installations sont d\u00e9di\u00e9es \u00e0 la d\u00e9monstration d&rsquo;\u00e9quipements, la r\u00e9alisation de formation et d\u2019assistance techniques compl\u00e8tes pour les entrepreneurs, les ing\u00e9nieurs-conseils, les architectes, les propri\u00e9taires et les repr\u00e9sentants de propri\u00e9taires. Nos laboratoires pr\u00e9sentent une vari\u00e9t\u00e9 d&rsquo;\u00e9quipements commerciaux, industriels, de r\u00e9frig\u00e9ration, de ventilation, de chauffage et d&rsquo;hydronique.\u00a0\u00bb font_container=\u00a0\u00bbtag:p|text_align:left\u00a0\u00bb use_theme_fonts=\u00a0\u00bbyes\u00a0\u00bb][vc_btn title=\u00a0\u00bbEn savoir plus\u00a0\u00bb link=\u00a0\u00bburl:https%3A%2F%2Fmcstaging.masterapplied.ca%2Ffr%2Fnos-laboratoires-de-formation%2F\u00a0\u00bb][\/vc_column_inner][\/vc_row_inner][\/vc_column][\/vc_row][vc_row full_width=\u00a0\u00bbstretch_row\u00a0\u00bb el_class=\u00a0\u00bbrow-pad what-business\u00a0\u00bb][vc_column][vc_row_inner rtl_reverse=\u00a0\u00bbyes\u00a0\u00bb content_placement=\u00a0\u00bbmiddle\u00a0\u00bb][vc_column_inner width=\u00a0\u00bb1\/2&Prime;][vc_custom_heading text=\u00a0\u00bb\u00c0 propos de nous ?\u00a0\u00bb use_theme_fonts=\u00a0\u00bbyes\u00a0\u00bb][vc_custom_heading text=\u00a0\u00bbLa division Solutions d\u2019Affaires est un r\u00e9seau d&rsquo;ing\u00e9nieurs et de chefs de projet qui sont bien \u00e9quip\u00e9s pour s&rsquo;attaquer \u00e0 de grands projets commerciaux, institutionnels et industriels. Notre proposition de valeur est bas\u00e9e sur la une combinaison unique de produits sp\u00e9cifi\u00e9s pour des projets de petite, moyenne ou grande envergure.\u00a0\u00bb font_container=\u00a0\u00bbtag:p|text_align:left\u00a0\u00bb use_theme_fonts=\u00a0\u00bbyes\u00a0\u00bb][vc_btn title=\u00a0\u00bbEn savoir plus\u00a0\u00bb link=\u00a0\u00bburl:https%3A%2F%2Fmcstaging.masterapplied.ca%2Ffr%2Fabout-us%2F\u00a0\u00bb][\/vc_column_inner][vc_column_inner el_class=\u00a0\u00bbpad-left-50&Prime; width=\u00a0\u00bb1\/2&Prime;][vc_single_image image=\u00a0\u00bb5757&Prime; img_size=\u00a0\u00bbfull\u00a0\u00bb alignment=\u00a0\u00bbcenter\u00a0\u00bb][\/vc_column_inner][\/vc_row_inner][\/vc_column][\/vc_row]<\/p>\n<\/div>","protected":false},"excerpt":{"rendered":"<p>[vc_row el_class=\u00a0\u00bbcls-second-slider\u00a0\u00bb][vc_column][\/vc_column][\/vc_row][vc_row el_class=\u00a0\u00bbrow-pad our-business-segment upper\u00a0\u00bb][vc_column][vc_custom_heading text=\u00a0\u00bbNOS SEGMENTS D\u2019AFFAIRES\u00a0\u00bb font_container=\u00a0\u00bbtag:h2|text_align:center\u00a0\u00bb use_theme_fonts=\u00a0\u00bbyes\u00a0\u00bb][vc_row_inner][vc_column_inner width=\u00a0\u00bb1\/4&Prime;][vc_single_image image=\u00a0\u00bb5738&Prime; img_size=\u00a0\u00bbfull\u00a0\u00bb alignment=\u00a0\u00bbcenter\u00a0\u00bb][vc_custom_heading text=\u00a0\u00bbPRODUITS SP\u00c9CIALIS\u00c9S\u00a0\u00bb font_container=\u00a0\u00bbtag:h4|text_align:center\u00a0\u00bb use_theme_fonts=\u00a0\u00bbyes\u00a0\u00bb][vc_custom_heading text=\u00a0\u00bbSyst\u00e8mes et solutions personnalis\u00e9s, efficaces sur le plan \u00e9nerg\u00e9tique pour vos grands b\u00e2timents institutionnels et industriels.\u00a0\u00bb font_container=\u00a0\u00bbtag:p|text_align:center\u00a0\u00bb use_theme_fonts=\u00a0\u00bbyes\u00a0\u00bb][\/vc_column_inner][vc_column_inner width=\u00a0\u00bb1\/4&Prime;][vc_single_image image=\u00a0\u00bb5740&Prime; img_size=\u00a0\u00bbfull\u00a0\u00bb alignment=\u00a0\u00bbcenter\u00a0\u00bb][vc_custom_heading text=\u00a0\u00bbCHAUFFAGE ET HYDRONIQUE\u00a0\u00bb font_container=\u00a0\u00bbtag:h4|text_align:center\u00a0\u00bb use_theme_fonts=\u00a0\u00bbyes\u00a0\u00bb][vc_custom_heading text=\u00a0\u00bbUne avanc\u00e9e dans la r\u00e9ponse \u00e0 la demande croissante de &#8230; <a title=\"Accueil\" class=\"read-more\" href=\"https:\/\/mcstaging.masterapplied.ca\/fr\/\" aria-label=\"More on Accueil\">Lire la suite<\/a><\/p>\n","protected":false},"author":1,"featured_media":0,"parent":0,"menu_order":0,"comment_status":"closed","ping_status":"closed","template":"","meta":{"_acf_changed":false,"footnotes":""},"class_list":["post-5760","page","type-page","status-publish"],"acf":[],"yoast_head":"<!-- This site is optimized with the Yoast SEO plugin v27.5 - https:\/\/yoast.com\/product\/yoast-seo-wordpress\/ -->\n<title>Accueil - Master Business Solutions<\/title>\n<meta name=\"robots\" content=\"noindex, follow, max-snippet:-1, max-image-preview:large, max-video-preview:-1\" \/>\n<meta property=\"og:locale\" content=\"fr_FR\" \/>\n<meta property=\"og:type\" content=\"article\" \/>\n<meta property=\"og:title\" content=\"Accueil - Master Business Solutions\" \/>\n<meta property=\"og:description\" content=\"[vc_row el_class=\u00a0\u00bbcls-second-slider\u00a0\u00bb][vc_column][\/vc_column][\/vc_row][vc_row el_class=\u00a0\u00bbrow-pad our-business-segment upper\u00a0\u00bb][vc_column][vc_custom_heading text=\u00a0\u00bbNOS SEGMENTS D\u2019AFFAIRES\u00a0\u00bb font_container=\u00a0\u00bbtag:h2|text_align:center\u00a0\u00bb use_theme_fonts=\u00a0\u00bbyes\u00a0\u00bb][vc_row_inner][vc_column_inner width=\u00a0\u00bb1\/4&Prime;][vc_single_image image=\u00a0\u00bb5738&Prime; img_size=\u00a0\u00bbfull\u00a0\u00bb alignment=\u00a0\u00bbcenter\u00a0\u00bb][vc_custom_heading text=\u00a0\u00bbPRODUITS SP\u00c9CIALIS\u00c9S\u00a0\u00bb font_container=\u00a0\u00bbtag:h4|text_align:center\u00a0\u00bb use_theme_fonts=\u00a0\u00bbyes\u00a0\u00bb][vc_custom_heading text=\u00a0\u00bbSyst\u00e8mes et solutions personnalis\u00e9s, efficaces sur le plan \u00e9nerg\u00e9tique pour vos grands b\u00e2timents institutionnels et industriels.\u00a0\u00bb font_container=\u00a0\u00bbtag:p|text_align:center\u00a0\u00bb use_theme_fonts=\u00a0\u00bbyes\u00a0\u00bb][\/vc_column_inner][vc_column_inner width=\u00a0\u00bb1\/4&Prime;][vc_single_image image=\u00a0\u00bb5740&Prime; img_size=\u00a0\u00bbfull\u00a0\u00bb alignment=\u00a0\u00bbcenter\u00a0\u00bb][vc_custom_heading text=\u00a0\u00bbCHAUFFAGE ET HYDRONIQUE\u00a0\u00bb font_container=\u00a0\u00bbtag:h4|text_align:center\u00a0\u00bb use_theme_fonts=\u00a0\u00bbyes\u00a0\u00bb][vc_custom_heading text=\u00a0\u00bbUne avanc\u00e9e dans la r\u00e9ponse \u00e0 la demande croissante de ... Lire la suite\" \/>\n<meta property=\"og:url\" content=\"https:\/\/mcstaging.masterapplied.ca\/fr\/\" \/>\n<meta property=\"og:site_name\" content=\"Master Business Solutions\" \/>\n<meta property=\"article:modified_time\" content=\"2026-02-06T22:05:35+00:00\" \/>\n<meta name=\"twitter:card\" content=\"summary_large_image\" \/>\n<meta name=\"twitter:label1\" content=\"Dur\u00e9e de lecture estim\u00e9e\" \/>\n\t<meta name=\"twitter:data1\" content=\"4 minutes\" \/>\n<script type=\"application\/ld+json\" class=\"yoast-schema-graph\">{\"@context\":\"https:\\\/\\\/schema.org\",\"@graph\":[{\"@type\":\"WebPage\",\"@id\":\"https:\\\/\\\/mcstaging.masterapplied.ca\\\/fr\\\/\",\"url\":\"https:\\\/\\\/mcstaging.masterapplied.ca\\\/fr\\\/\",\"name\":\"Accueil - Master Business Solutions\",\"isPartOf\":{\"@id\":\"https:\\\/\\\/mcstaging.masterapplied.ca\\\/#website\"},\"datePublished\":\"2023-12-04T04:20:14+00:00\",\"dateModified\":\"2026-02-06T22:05:35+00:00\",\"breadcrumb\":{\"@id\":\"https:\\\/\\\/mcstaging.masterapplied.ca\\\/fr\\\/#breadcrumb\"},\"inLanguage\":\"fr-FR\",\"potentialAction\":[{\"@type\":\"ReadAction\",\"target\":[\"https:\\\/\\\/mcstaging.masterapplied.ca\\\/fr\\\/\"]}]},{\"@type\":\"BreadcrumbList\",\"@id\":\"https:\\\/\\\/mcstaging.masterapplied.ca\\\/fr\\\/#breadcrumb\",\"itemListElement\":[{\"@type\":\"ListItem\",\"position\":1,\"name\":\"Home\",\"item\":\"https:\\\/\\\/mcstaging.masterapplied.ca\\\/fr\\\/\"},{\"@type\":\"ListItem\",\"position\":2,\"name\":\"Accueil\"}]},{\"@type\":\"WebSite\",\"@id\":\"https:\\\/\\\/mcstaging.masterapplied.ca\\\/#website\",\"url\":\"https:\\\/\\\/mcstaging.masterapplied.ca\\\/\",\"name\":\"Master Business Solutions\",\"description\":\"\",\"publisher\":{\"@id\":\"https:\\\/\\\/mcstaging.masterapplied.ca\\\/#organization\"},\"potentialAction\":[{\"@type\":\"SearchAction\",\"target\":{\"@type\":\"EntryPoint\",\"urlTemplate\":\"https:\\\/\\\/mcstaging.masterapplied.ca\\\/?s={search_term_string}\"},\"query-input\":{\"@type\":\"PropertyValueSpecification\",\"valueRequired\":true,\"valueName\":\"search_term_string\"}}],\"inLanguage\":\"fr-FR\"},{\"@type\":\"Organization\",\"@id\":\"https:\\\/\\\/mcstaging.masterapplied.ca\\\/#organization\",\"name\":\"Master Business Solutions\",\"url\":\"https:\\\/\\\/mcstaging.masterapplied.ca\\\/\",\"logo\":{\"@type\":\"ImageObject\",\"inLanguage\":\"fr-FR\",\"@id\":\"https:\\\/\\\/mcstaging.masterapplied.ca\\\/#\\\/schema\\\/logo\\\/image\\\/\",\"url\":\"https:\\\/\\\/mcstaging.masterapplied.ca\\\/wp-content\\\/uploads\\\/2023\\\/12\\\/logo_master_business_solution_EN599.webp\",\"contentUrl\":\"https:\\\/\\\/mcstaging.masterapplied.ca\\\/wp-content\\\/uploads\\\/2023\\\/12\\\/logo_master_business_solution_EN599.webp\",\"width\":298,\"height\":126,\"caption\":\"Master Business Solutions\"},\"image\":{\"@id\":\"https:\\\/\\\/mcstaging.masterapplied.ca\\\/#\\\/schema\\\/logo\\\/image\\\/\"}}]}<\/script>\n<!-- \/ Yoast SEO plugin. -->","yoast_head_json":{"title":"Accueil - Master Business Solutions","robots":{"index":"noindex","follow":"follow","max-snippet":"max-snippet:-1","max-image-preview":"max-image-preview:large","max-video-preview":"max-video-preview:-1"},"og_locale":"fr_FR","og_type":"article","og_title":"Accueil - Master Business Solutions","og_description":"[vc_row el_class=\u00a0\u00bbcls-second-slider\u00a0\u00bb][vc_column][\/vc_column][\/vc_row][vc_row el_class=\u00a0\u00bbrow-pad our-business-segment upper\u00a0\u00bb][vc_column][vc_custom_heading text=\u00a0\u00bbNOS SEGMENTS D\u2019AFFAIRES\u00a0\u00bb font_container=\u00a0\u00bbtag:h2|text_align:center\u00a0\u00bb use_theme_fonts=\u00a0\u00bbyes\u00a0\u00bb][vc_row_inner][vc_column_inner width=\u00a0\u00bb1\/4&Prime;][vc_single_image image=\u00a0\u00bb5738&Prime; img_size=\u00a0\u00bbfull\u00a0\u00bb alignment=\u00a0\u00bbcenter\u00a0\u00bb][vc_custom_heading text=\u00a0\u00bbPRODUITS SP\u00c9CIALIS\u00c9S\u00a0\u00bb font_container=\u00a0\u00bbtag:h4|text_align:center\u00a0\u00bb use_theme_fonts=\u00a0\u00bbyes\u00a0\u00bb][vc_custom_heading text=\u00a0\u00bbSyst\u00e8mes et solutions personnalis\u00e9s, efficaces sur le plan \u00e9nerg\u00e9tique pour vos grands b\u00e2timents institutionnels et industriels.\u00a0\u00bb font_container=\u00a0\u00bbtag:p|text_align:center\u00a0\u00bb use_theme_fonts=\u00a0\u00bbyes\u00a0\u00bb][\/vc_column_inner][vc_column_inner width=\u00a0\u00bb1\/4&Prime;][vc_single_image image=\u00a0\u00bb5740&Prime; img_size=\u00a0\u00bbfull\u00a0\u00bb alignment=\u00a0\u00bbcenter\u00a0\u00bb][vc_custom_heading text=\u00a0\u00bbCHAUFFAGE ET HYDRONIQUE\u00a0\u00bb font_container=\u00a0\u00bbtag:h4|text_align:center\u00a0\u00bb use_theme_fonts=\u00a0\u00bbyes\u00a0\u00bb][vc_custom_heading text=\u00a0\u00bbUne avanc\u00e9e dans la r\u00e9ponse \u00e0 la demande croissante de ... Lire la suite","og_url":"https:\/\/mcstaging.masterapplied.ca\/fr\/","og_site_name":"Master Business Solutions","article_modified_time":"2026-02-06T22:05:35+00:00","twitter_card":"summary_large_image","twitter_misc":{"Dur\u00e9e de lecture estim\u00e9e":"4 minutes"},"schema":{"@context":"https:\/\/schema.org","@graph":[{"@type":"WebPage","@id":"https:\/\/mcstaging.masterapplied.ca\/fr\/","url":"https:\/\/mcstaging.masterapplied.ca\/fr\/","name":"Accueil - Master Business Solutions","isPartOf":{"@id":"https:\/\/mcstaging.masterapplied.ca\/#website"},"datePublished":"2023-12-04T04:20:14+00:00","dateModified":"2026-02-06T22:05:35+00:00","breadcrumb":{"@id":"https:\/\/mcstaging.masterapplied.ca\/fr\/#breadcrumb"},"inLanguage":"fr-FR","potentialAction":[{"@type":"ReadAction","target":["https:\/\/mcstaging.masterapplied.ca\/fr\/"]}]},{"@type":"BreadcrumbList","@id":"https:\/\/mcstaging.masterapplied.ca\/fr\/#breadcrumb","itemListElement":[{"@type":"ListItem","position":1,"name":"Home","item":"https:\/\/mcstaging.masterapplied.ca\/fr\/"},{"@type":"ListItem","position":2,"name":"Accueil"}]},{"@type":"WebSite","@id":"https:\/\/mcstaging.masterapplied.ca\/#website","url":"https:\/\/mcstaging.masterapplied.ca\/","name":"Master Business Solutions","description":"","publisher":{"@id":"https:\/\/mcstaging.masterapplied.ca\/#organization"},"potentialAction":[{"@type":"SearchAction","target":{"@type":"EntryPoint","urlTemplate":"https:\/\/mcstaging.masterapplied.ca\/?s={search_term_string}"},"query-input":{"@type":"PropertyValueSpecification","valueRequired":true,"valueName":"search_term_string"}}],"inLanguage":"fr-FR"},{"@type":"Organization","@id":"https:\/\/mcstaging.masterapplied.ca\/#organization","name":"Master Business Solutions","url":"https:\/\/mcstaging.masterapplied.ca\/","logo":{"@type":"ImageObject","inLanguage":"fr-FR","@id":"https:\/\/mcstaging.masterapplied.ca\/#\/schema\/logo\/image\/","url":"https:\/\/mcstaging.masterapplied.ca\/wp-content\/uploads\/2023\/12\/logo_master_business_solution_EN599.webp","contentUrl":"https:\/\/mcstaging.masterapplied.ca\/wp-content\/uploads\/2023\/12\/logo_master_business_solution_EN599.webp","width":298,"height":126,"caption":"Master Business Solutions"},"image":{"@id":"https:\/\/mcstaging.masterapplied.ca\/#\/schema\/logo\/image\/"}}]}},"_links":{"self":[{"href":"https:\/\/mcstaging.masterapplied.ca\/fr\/wp-json\/wp\/v2\/pages\/5760","targetHints":{"allow":["GET"]}}],"collection":[{"href":"https:\/\/mcstaging.masterapplied.ca\/fr\/wp-json\/wp\/v2\/pages"}],"about":[{"href":"https:\/\/mcstaging.masterapplied.ca\/fr\/wp-json\/wp\/v2\/types\/page"}],"author":[{"embeddable":true,"href":"https:\/\/mcstaging.masterapplied.ca\/fr\/wp-json\/wp\/v2\/users\/1"}],"replies":[{"embeddable":true,"href":"https:\/\/mcstaging.masterapplied.ca\/fr\/wp-json\/wp\/v2\/comments?post=5760"}],"version-history":[{"count":16,"href":"https:\/\/mcstaging.masterapplied.ca\/fr\/wp-json\/wp\/v2\/pages\/5760\/revisions"}],"predecessor-version":[{"id":7053,"href":"https:\/\/mcstaging.masterapplied.ca\/fr\/wp-json\/wp\/v2\/pages\/5760\/revisions\/7053"}],"wp:attachment":[{"href":"https:\/\/mcstaging.masterapplied.ca\/fr\/wp-json\/wp\/v2\/media?parent=5760"}],"curies":[{"name":"wp","href":"https:\/\/api.w.org\/{rel}","templated":true}]}}