{"id":5469,"date":"2022-12-20T11:06:07","date_gmt":"2022-12-20T16:06:07","guid":{"rendered":"https:\/\/mcstaging.masterapplied.ca\/our-training-labs\/"},"modified":"2023-11-29T15:56:11","modified_gmt":"2023-11-29T20:56:11","slug":"nos-laboratoires-de-formation","status":"publish","type":"page","link":"https:\/\/mcstaging.masterapplied.ca\/fr\/nos-laboratoires-de-formation\/","title":{"rendered":"NOS LABORATOIRES DE FORMATION"},"content":{"rendered":"<div class=\"wpb-content-wrapper\"><p>[vc_row rtl_reverse=\u00a0\u00bbyes\u00a0\u00bb content_placement=\u00a0\u00bbmiddle\u00a0\u00bb el_class=\u00a0\u00bbrow-pad\u00a0\u00bb][vc_column width=\u00a0\u00bb1\/2&Prime;][vc_column_text]Nos installations sont d\u00e9di\u00e9es \u00e0 la d\u00e9monstration d&rsquo;\u00e9quipements et \u00e0 la fourniture d&rsquo;une formation technique compl\u00e8te et d&rsquo;un soutien aux entrepreneurs, ing\u00e9nieurs-conseils, architectes, propri\u00e9taires et repr\u00e9sentants de propri\u00e9taires. Nos laboratoires disposent d&rsquo;une vari\u00e9t\u00e9 d&rsquo;\u00e9quipements appliqu\u00e9s, commerciaux, industriels, de r\u00e9frig\u00e9ration, de ventilation, de chauffage et d&rsquo;hydronique :<\/p>\n<ul>\n<li>Pour vous aider \u00e0 comprendre les derni\u00e8res technologies et approfondir vos connaissances et comp\u00e9tences techniques<\/li>\n<li>Fournir une exp\u00e9rience pratique et en apprendre davantage sur les \u00e9quipements industriels, commerciaux et appliqu\u00e9s<\/li>\n<li>D\u00e9mystifier les produits, de l&rsquo;installation \u00e0 l&rsquo;exploitation (y compris formation au d\u00e9marrage et supervision de chantier)<\/li>\n<\/ul>\n<p>Nous proposons \u00e9galement une formation certifi\u00e9e pour les produits HITACHI\/JCH dans nos installations de formation de Montr\u00e9al, QC et de Vaughn, ON. De plus, nous pouvons fournir des s\u00e9lections de produits, une formation et une assistance technique pour divers projets de conception-construction, ainsi qu&rsquo;une assistance \u00e0 la conception pour des applications plus petites.[\/vc_column_text][\/vc_column][vc_column width=\u00a0\u00bb1\/2&Prime; css=\u00a0\u00bb.vc_custom_1689069078068{padding-bottom: 30px !important;}\u00a0\u00bb][vc_single_image image=\u00a0\u00bb1187&Prime; img_size=\u00a0\u00bbfull\u00a0\u00bb][\/vc_column][\/vc_row][vc_row content_placement=\u00a0\u00bbmiddle\u00a0\u00bb el_class=\u00a0\u00bbrow-pad pt-0&Prime; css=\u00a0\u00bb.vc_custom_1686653412019{padding-bottom: 0px !important;}\u00a0\u00bb][vc_column width=\u00a0\u00bb1\/2&Prime;][vc_single_image image=\u00a0\u00bb5730&Prime; img_size=\u00a0\u00bbfull\u00a0\u00bb][\/vc_column][vc_column width=\u00a0\u00bb1\/2&Prime;][vc_custom_heading text=\u00a0\u00bbNOS INSTALLATIONS DE LABORATOIRE :\u00a0\u00bb use_theme_fonts=\u00a0\u00bbyes\u00a0\u00bb][vc_column_text]<\/p>\n<ul>\n<li>Montr\u00e9al\u00a0: <strong>LeboLab,<\/strong> 6 000 pieds carr\u00e9s<\/li>\n<li>Vaughan : <strong>GTALab<\/strong>, 4 000 pieds carr\u00e9s<\/li>\n<li>Calgary : <strong>ABLab<\/strong>, 3 800 pieds carr\u00e9s<\/li>\n<li>Burnaby : <strong>BCLab<\/strong>, 2 300 pieds carr\u00e9s<\/li>\n<\/ul>\n<p>[\/vc_column_text][\/vc_column][\/vc_row][vc_row full_width=\u00a0\u00bbstretch_row\u00a0\u00bb disable_element=\u00a0\u00bbyes\u00a0\u00bb css=\u00a0\u00bb.vc_custom_1686653382321{background-image: url(https:\/\/mcstaging.masterapplied.ca\/wp-content\/uploads\/2022\/12\/Rectangle-21.png?id=139) !important;background-position: center !important;background-repeat: no-repeat !important;background-size: cover !important;}\u00a0\u00bb el_class=\u00a0\u00bbrow-pad bg-img\u00a0\u00bb][vc_column][vc_row_inner][vc_column_inner][vc_column_text]<\/p>\n<p style=\"text-align: center;\">Nos laboratoires disposent d&rsquo;une vari\u00e9t\u00e9 d&rsquo;\u00e9quipements appliqu\u00e9s, commerciaux, industriels, de r\u00e9frig\u00e9ration, de ventilation, de chauffage et d&rsquo;hydronique.<\/p>\n<p>[\/vc_column_text][vc_btn title=\u00a0\u00bbInscrivez-vous\u00a0\u00bb align=\u00a0\u00bbcenter\u00a0\u00bb link=\u00a0\u00bburl:https%3A%2F%2Fmcstaging.masterapplied.ca%2Fsign-up-to-join-us-for-training%2F|\u00a0\u00bb][\/vc_column_inner][\/vc_row_inner][\/vc_column][\/vc_row][vc_row disable_element=\u00a0\u00bbyes\u00a0\u00bb el_class=\u00a0\u00bbrow-pad\u00a0\u00bb][vc_column][vc_custom_heading text=\u00a0\u00bbNotre programme de formation\u00a0\u00bb use_theme_fonts=\u00a0\u00bbyes\u00a0\u00bb][vc_raw_html css=\u00a0\u00bb.vc_custom_1673263211328{padding-top: 30px !important;}\u00a0\u00bb]W3Nob3ctdHJhaW5pbmctcG9zdHNd[\/vc_raw_html][\/vc_column][\/vc_row]<\/p>\n<\/div>","protected":false},"excerpt":{"rendered":"<p>[vc_row rtl_reverse=\u00a0\u00bbyes\u00a0\u00bb content_placement=\u00a0\u00bbmiddle\u00a0\u00bb el_class=\u00a0\u00bbrow-pad\u00a0\u00bb][vc_column width=\u00a0\u00bb1\/2&Prime;][vc_column_text]Nos installations sont d\u00e9di\u00e9es \u00e0 la d\u00e9monstration d&rsquo;\u00e9quipements et \u00e0 la fourniture d&rsquo;une formation technique compl\u00e8te et d&rsquo;un soutien aux entrepreneurs, ing\u00e9nieurs-conseils, architectes, propri\u00e9taires et repr\u00e9sentants de propri\u00e9taires. Nos laboratoires disposent d&rsquo;une vari\u00e9t\u00e9 d&rsquo;\u00e9quipements appliqu\u00e9s, commerciaux, industriels, de r\u00e9frig\u00e9ration, de ventilation, de chauffage et d&rsquo;hydronique : Pour vous aider \u00e0 comprendre &#8230; <a title=\"NOS LABORATOIRES DE FORMATION\" class=\"read-more\" href=\"https:\/\/mcstaging.masterapplied.ca\/fr\/nos-laboratoires-de-formation\/\" aria-label=\"More on NOS LABORATOIRES DE FORMATION\">Lire la suite<\/a><\/p>\n","protected":false},"author":2,"featured_media":4250,"parent":0,"menu_order":0,"comment_status":"closed","ping_status":"closed","template":"","meta":{"_acf_changed":false,"footnotes":""},"class_list":["post-5469","page","type-page","status-publish","has-post-thumbnail"],"acf":[],"yoast_head":"<!-- This site is optimized with the Yoast SEO plugin v27.5 - https:\/\/yoast.com\/product\/yoast-seo-wordpress\/ -->\n<title>Training | Master Business Solutions<\/title>\n<meta name=\"description\" content=\"Boost your technical expertise with hands-on training and support in our cutting-edge labs. Explore the latest equipment and gain valuable skills today.\" \/>\n<meta name=\"robots\" content=\"noindex, follow, max-snippet:-1, max-image-preview:large, max-video-preview:-1\" \/>\n<meta property=\"og:locale\" content=\"fr_FR\" \/>\n<meta property=\"og:type\" content=\"article\" \/>\n<meta property=\"og:title\" content=\"Training | Master Business Solutions\" \/>\n<meta property=\"og:description\" content=\"Boost your technical expertise with hands-on training and support in our cutting-edge labs. Explore the latest equipment and gain valuable skills today.\" \/>\n<meta property=\"og:url\" content=\"https:\/\/mcstaging.masterapplied.ca\/training\/\" \/>\n<meta property=\"og:site_name\" content=\"Master Business Solutions\" \/>\n<meta property=\"article:modified_time\" content=\"2023-11-29T20:56:11+00:00\" \/>\n<meta property=\"og:image\" content=\"https:\/\/mcstaging.masterapplied.ca\/wp-content\/uploads\/2023\/08\/our-training-header-img.jpg\" \/>\n\t<meta property=\"og:image:width\" content=\"1920\" \/>\n\t<meta property=\"og:image:height\" content=\"250\" \/>\n\t<meta property=\"og:image:type\" content=\"image\/jpeg\" \/>\n<meta name=\"twitter:card\" content=\"summary_large_image\" \/>\n<meta name=\"twitter:label1\" content=\"Dur\u00e9e de lecture estim\u00e9e\" \/>\n\t<meta name=\"twitter:data1\" content=\"2 minutes\" \/>\n<script type=\"application\/ld+json\" class=\"yoast-schema-graph\">{\"@context\":\"https:\\\/\\\/schema.org\",\"@graph\":[{\"@type\":\"WebPage\",\"@id\":\"https:\\\/\\\/mcstaging.masterapplied.ca\\\/training\\\/\",\"url\":\"https:\\\/\\\/mcstaging.masterapplied.ca\\\/training\\\/\",\"name\":\"Training | Master Business Solutions\",\"isPartOf\":{\"@id\":\"https:\\\/\\\/mcstaging.masterapplied.ca\\\/#website\"},\"primaryImageOfPage\":{\"@id\":\"https:\\\/\\\/mcstaging.masterapplied.ca\\\/training\\\/#primaryimage\"},\"image\":{\"@id\":\"https:\\\/\\\/mcstaging.masterapplied.ca\\\/training\\\/#primaryimage\"},\"thumbnailUrl\":\"https:\\\/\\\/mcstaging.masterapplied.ca\\\/wp-content\\\/uploads\\\/2023\\\/08\\\/our-training-header-img.jpg\",\"datePublished\":\"2022-12-20T16:06:07+00:00\",\"dateModified\":\"2023-11-29T20:56:11+00:00\",\"description\":\"Boost your technical expertise with hands-on training and support in our cutting-edge labs. Explore the latest equipment and gain valuable skills today.\",\"breadcrumb\":{\"@id\":\"https:\\\/\\\/mcstaging.masterapplied.ca\\\/training\\\/#breadcrumb\"},\"inLanguage\":\"fr-FR\",\"potentialAction\":[{\"@type\":\"ReadAction\",\"target\":[\"https:\\\/\\\/mcstaging.masterapplied.ca\\\/training\\\/\"]}]},{\"@type\":\"ImageObject\",\"inLanguage\":\"fr-FR\",\"@id\":\"https:\\\/\\\/mcstaging.masterapplied.ca\\\/training\\\/#primaryimage\",\"url\":\"https:\\\/\\\/mcstaging.masterapplied.ca\\\/wp-content\\\/uploads\\\/2023\\\/08\\\/our-training-header-img.jpg\",\"contentUrl\":\"https:\\\/\\\/mcstaging.masterapplied.ca\\\/wp-content\\\/uploads\\\/2023\\\/08\\\/our-training-header-img.jpg\",\"width\":1920,\"height\":250},{\"@type\":\"BreadcrumbList\",\"@id\":\"https:\\\/\\\/mcstaging.masterapplied.ca\\\/training\\\/#breadcrumb\",\"itemListElement\":[{\"@type\":\"ListItem\",\"position\":1,\"name\":\"Home\",\"item\":\"https:\\\/\\\/mcstaging.masterapplied.ca\\\/fr\\\/\"},{\"@type\":\"ListItem\",\"position\":2,\"name\":\"NOS LABORATOIRES DE FORMATION\"}]},{\"@type\":\"WebSite\",\"@id\":\"https:\\\/\\\/mcstaging.masterapplied.ca\\\/#website\",\"url\":\"https:\\\/\\\/mcstaging.masterapplied.ca\\\/\",\"name\":\"Master Business Solutions\",\"description\":\"\",\"publisher\":{\"@id\":\"https:\\\/\\\/mcstaging.masterapplied.ca\\\/#organization\"},\"potentialAction\":[{\"@type\":\"SearchAction\",\"target\":{\"@type\":\"EntryPoint\",\"urlTemplate\":\"https:\\\/\\\/mcstaging.masterapplied.ca\\\/?s={search_term_string}\"},\"query-input\":{\"@type\":\"PropertyValueSpecification\",\"valueRequired\":true,\"valueName\":\"search_term_string\"}}],\"inLanguage\":\"fr-FR\"},{\"@type\":\"Organization\",\"@id\":\"https:\\\/\\\/mcstaging.masterapplied.ca\\\/#organization\",\"name\":\"Master Business Solutions\",\"url\":\"https:\\\/\\\/mcstaging.masterapplied.ca\\\/\",\"logo\":{\"@type\":\"ImageObject\",\"inLanguage\":\"fr-FR\",\"@id\":\"https:\\\/\\\/mcstaging.masterapplied.ca\\\/#\\\/schema\\\/logo\\\/image\\\/\",\"url\":\"https:\\\/\\\/mcstaging.masterapplied.ca\\\/wp-content\\\/uploads\\\/2023\\\/12\\\/logo_master_business_solution_EN599.webp\",\"contentUrl\":\"https:\\\/\\\/mcstaging.masterapplied.ca\\\/wp-content\\\/uploads\\\/2023\\\/12\\\/logo_master_business_solution_EN599.webp\",\"width\":298,\"height\":126,\"caption\":\"Master Business Solutions\"},\"image\":{\"@id\":\"https:\\\/\\\/mcstaging.masterapplied.ca\\\/#\\\/schema\\\/logo\\\/image\\\/\"}}]}<\/script>\n<!-- \/ Yoast SEO plugin. -->","yoast_head_json":{"title":"Training | Master Business Solutions","description":"Boost your technical expertise with hands-on training and support in our cutting-edge labs. Explore the latest equipment and gain valuable skills today.","robots":{"index":"noindex","follow":"follow","max-snippet":"max-snippet:-1","max-image-preview":"max-image-preview:large","max-video-preview":"max-video-preview:-1"},"og_locale":"fr_FR","og_type":"article","og_title":"Training | Master Business Solutions","og_description":"Boost your technical expertise with hands-on training and support in our cutting-edge labs. Explore the latest equipment and gain valuable skills today.","og_url":"https:\/\/mcstaging.masterapplied.ca\/training\/","og_site_name":"Master Business Solutions","article_modified_time":"2023-11-29T20:56:11+00:00","og_image":[{"width":1920,"height":250,"url":"https:\/\/mcstaging.masterapplied.ca\/wp-content\/uploads\/2023\/08\/our-training-header-img.jpg","type":"image\/jpeg"}],"twitter_card":"summary_large_image","twitter_misc":{"Dur\u00e9e de lecture estim\u00e9e":"2 minutes"},"schema":{"@context":"https:\/\/schema.org","@graph":[{"@type":"WebPage","@id":"https:\/\/mcstaging.masterapplied.ca\/training\/","url":"https:\/\/mcstaging.masterapplied.ca\/training\/","name":"Training | Master Business Solutions","isPartOf":{"@id":"https:\/\/mcstaging.masterapplied.ca\/#website"},"primaryImageOfPage":{"@id":"https:\/\/mcstaging.masterapplied.ca\/training\/#primaryimage"},"image":{"@id":"https:\/\/mcstaging.masterapplied.ca\/training\/#primaryimage"},"thumbnailUrl":"https:\/\/mcstaging.masterapplied.ca\/wp-content\/uploads\/2023\/08\/our-training-header-img.jpg","datePublished":"2022-12-20T16:06:07+00:00","dateModified":"2023-11-29T20:56:11+00:00","description":"Boost your technical expertise with hands-on training and support in our cutting-edge labs. Explore the latest equipment and gain valuable skills today.","breadcrumb":{"@id":"https:\/\/mcstaging.masterapplied.ca\/training\/#breadcrumb"},"inLanguage":"fr-FR","potentialAction":[{"@type":"ReadAction","target":["https:\/\/mcstaging.masterapplied.ca\/training\/"]}]},{"@type":"ImageObject","inLanguage":"fr-FR","@id":"https:\/\/mcstaging.masterapplied.ca\/training\/#primaryimage","url":"https:\/\/mcstaging.masterapplied.ca\/wp-content\/uploads\/2023\/08\/our-training-header-img.jpg","contentUrl":"https:\/\/mcstaging.masterapplied.ca\/wp-content\/uploads\/2023\/08\/our-training-header-img.jpg","width":1920,"height":250},{"@type":"BreadcrumbList","@id":"https:\/\/mcstaging.masterapplied.ca\/training\/#breadcrumb","itemListElement":[{"@type":"ListItem","position":1,"name":"Home","item":"https:\/\/mcstaging.masterapplied.ca\/fr\/"},{"@type":"ListItem","position":2,"name":"NOS LABORATOIRES DE FORMATION"}]},{"@type":"WebSite","@id":"https:\/\/mcstaging.masterapplied.ca\/#website","url":"https:\/\/mcstaging.masterapplied.ca\/","name":"Master Business Solutions","description":"","publisher":{"@id":"https:\/\/mcstaging.masterapplied.ca\/#organization"},"potentialAction":[{"@type":"SearchAction","target":{"@type":"EntryPoint","urlTemplate":"https:\/\/mcstaging.masterapplied.ca\/?s={search_term_string}"},"query-input":{"@type":"PropertyValueSpecification","valueRequired":true,"valueName":"search_term_string"}}],"inLanguage":"fr-FR"},{"@type":"Organization","@id":"https:\/\/mcstaging.masterapplied.ca\/#organization","name":"Master Business Solutions","url":"https:\/\/mcstaging.masterapplied.ca\/","logo":{"@type":"ImageObject","inLanguage":"fr-FR","@id":"https:\/\/mcstaging.masterapplied.ca\/#\/schema\/logo\/image\/","url":"https:\/\/mcstaging.masterapplied.ca\/wp-content\/uploads\/2023\/12\/logo_master_business_solution_EN599.webp","contentUrl":"https:\/\/mcstaging.masterapplied.ca\/wp-content\/uploads\/2023\/12\/logo_master_business_solution_EN599.webp","width":298,"height":126,"caption":"Master Business Solutions"},"image":{"@id":"https:\/\/mcstaging.masterapplied.ca\/#\/schema\/logo\/image\/"}}]}},"_links":{"self":[{"href":"https:\/\/mcstaging.masterapplied.ca\/fr\/wp-json\/wp\/v2\/pages\/5469","targetHints":{"allow":["GET"]}}],"collection":[{"href":"https:\/\/mcstaging.masterapplied.ca\/fr\/wp-json\/wp\/v2\/pages"}],"about":[{"href":"https:\/\/mcstaging.masterapplied.ca\/fr\/wp-json\/wp\/v2\/types\/page"}],"author":[{"embeddable":true,"href":"https:\/\/mcstaging.masterapplied.ca\/fr\/wp-json\/wp\/v2\/users\/2"}],"replies":[{"embeddable":true,"href":"https:\/\/mcstaging.masterapplied.ca\/fr\/wp-json\/wp\/v2\/comments?post=5469"}],"version-history":[{"count":11,"href":"https:\/\/mcstaging.masterapplied.ca\/fr\/wp-json\/wp\/v2\/pages\/5469\/revisions"}],"predecessor-version":[{"id":5732,"href":"https:\/\/mcstaging.masterapplied.ca\/fr\/wp-json\/wp\/v2\/pages\/5469\/revisions\/5732"}],"wp:featuredmedia":[{"embeddable":true,"href":"https:\/\/mcstaging.masterapplied.ca\/fr\/wp-json\/wp\/v2\/media\/4250"}],"wp:attachment":[{"href":"https:\/\/mcstaging.masterapplied.ca\/fr\/wp-json\/wp\/v2\/media?parent=5469"}],"curies":[{"name":"wp","href":"https:\/\/api.w.org\/{rel}","templated":true}]}}