{"id":4471,"date":"2022-12-26T04:50:44","date_gmt":"2022-12-26T09:50:44","guid":{"rendered":"https:\/\/mcstaging.masterapplied.ca\/about-us\/"},"modified":"2024-07-02T16:23:27","modified_gmt":"2024-07-02T20:23:27","slug":"about-us","status":"publish","type":"page","link":"https:\/\/mcstaging.masterapplied.ca\/fr\/about-us\/","title":{"rendered":"\u00c0 propos de nous"},"content":{"rendered":"<div class=\"wpb-content-wrapper\"><p>[vc_row el_class=\u00a0\u00bbrow-pad no-bottom-pad about-first\u00a0\u00bb css=\u00a0\u00bb.vc_custom_1690879956674{padding-bottom: 0px !important;}\u00a0\u00bb][vc_column][vc_custom_heading text=\u00a0\u00bbNotre mission\u00a0\u00bb font_container=\u00a0\u00bbtag:h2|text_align:center\u00a0\u00bb use_theme_fonts=\u00a0\u00bbyes\u00a0\u00bb][vc_column_text]<\/p>\n<p style=\"text-align: center;\">Chez Master, nous cr\u00e9ons de la valeur en int\u00e9grant nos produits et services et en fournissant des solutions CVCA-R optimales. Avec nos employ\u00e9s, nos clients, nos fournisseurs et nos actionnaires, nous nous unissons pour faire progresser l&rsquo;industrie. En bref, notre mission est d&rsquo;\u00eatre le partenaire de choix pour toutes nos parties prenantes.<\/p>\n<p>[\/vc_column_text][\/vc_column][\/vc_row][vc_row content_placement=\u00a0\u00bbmiddle\u00a0\u00bb css=\u00a0\u00bb.vc_custom_1688363774072{padding-bottom: 0px !important;}\u00a0\u00bb el_class=\u00a0\u00bbabout-heading row-pad\u00a0\u00bb][vc_column width=\u00a0\u00bb1\/2&Prime;][vc_single_image image=\u00a0\u00bb3274&Prime; img_size=\u00a0\u00bblarge\u00a0\u00bb][\/vc_column][vc_column width=\u00a0\u00bb1\/2&Prime;][vc_wp_text]<\/p>\n<h6>Nous disposons de seize (16) bureaux de vente \u00e0 travers notre r\u00e9seau canadien pour vous aider dans vos projets commerciaux, industriels et institutionnels.<\/h6>\n<p>Nous disposons de centaines d&rsquo;ing\u00e9nieurs et de sp\u00e9cialistes hautement qualifi\u00e9s pour vous aider dans vos projets. Nous sommes un repr\u00e9sentant de choix des manufacturiers avec une solide gamme de produits de qualit\u00e9 sup\u00e9rieure et l&rsquo;expertise n\u00e9cessaire pour vous soutenir dans vos grands projets de plan et devis \/ conception assist\u00e9e et jusqu&rsquo;au petits projets de conception assist\u00e9e. Nous apportons une valeur ajout\u00e9e \u00e0 partir de la s\u00e9lection des produits, la gestion du projet jusqu&rsquo;\u00e0 l&rsquo;assistance au d\u00e9marrage et \u00e0 la supervision. En plus de notre valeur ajout\u00e9e unique, notre expertise est soutenue par un vaste r\u00e9seau de succursales et d&rsquo;inventaire pour tous vos besoins en pi\u00e8ce et r\u00e9pondant \u00e0 une demande d&rsquo;exp\u00e9dition rapide pour de nombreux produits commerciaux et industriels.[\/vc_wp_text][\/vc_column][\/vc_row][vc_row el_class=\u00a0\u00bbrow-pad no-bottom-pad\u00a0\u00bb][vc_column][vc_custom_heading text=\u00a0\u00bb\u00c9quipe de direction du Canada\u00a0\u00bb font_container=\u00a0\u00bbtag:h2|text_align:center|color:%230a0a0a\u00a0\u00bb use_theme_fonts=\u00a0\u00bbyes\u00a0\u00bb][\/vc_column][\/vc_row][vc_row el_class=\u00a0\u00bbrow-pad\u00a0\u00bb css=\u00a0\u00bb.vc_custom_1688018840046{padding-top: 30px !important;padding-bottom: 0px !important;}\u00a0\u00bb][vc_column][vc_column_text]<div class=\"team-detail-container\"><div class=\"team-detail\"><div class=\"team-detail-img\"><img decoding=\"async\" src=\"https:\/\/mcstaging.masterapplied.ca\/wp-content\/uploads\/2023\/03\/ezgif-1-41b07b2c36.jpg\"><\/div><div class=\"team-detail-name\"><h3>Rolland Grenier<\/h3><strong><a href=\"https:\/\/mcstaging.masterapplied.ca\/team-category\/executive-team\/\" rel=\"tag\">Executive Team<\/a><\/strong><p><strong>Vice-pr\u00e9sident principal, Solutions d\u2019Affaires<\/strong>\r\n\r\nRolland Grenier, compte plus de dix-huit ans d\u2019exp\u00e9rience dans le domaine manufacturier. Il est dipl\u00f4m\u00e9 en technique du b\u00e2timent. Il d\u00e9veloppe ses comp\u00e9tences en gestion en suivant des cours au HEC et \u00e0 l\u2019\u00c9TS. Il d\u00e9bute sa carri\u00e8re en occupant des postes tels qu\u2019estimateur, concepteur de syst\u00e8mes m\u00e9caniques pour les b\u00e2timents, ing\u00e9nierie de fabrication. Par la suite, il obtient le poste de directeur des ventes pendant quatre ans et directeur g\u00e9n\u00e9ral pendant plus de sept ans pour une compagnie manufacturi\u00e8re d\u2019\u00e9quipements en HVAC. Ces postes de gestion lui permettent de perfectionner son style de gestion en supervisant notamment l\u2019\u00e9quipe des ventes, l\u2019\u00e9quipe des op\u00e9rations manufacturi\u00e8res, l\u2019\u00e9quipe de recherche et d\u00e9veloppement, de l\u2019administration et le groupe des finances. Il se joint \u00e0 l\u2019\u00e9quipe du Groupe Master en 2011 en tant que directeur de produits pour l\u2019implantation de nouvelles lignes de produits de chauffage et d\u2019\u00e9quipements reli\u00e9s \u00e0 l\u2019\u00e9conomie d\u2019\u00e9nergie. Son excellente vision strat\u00e9gique, sa gestion des op\u00e9rations des ventes, ses connaissances des produits et du march\u00e9, ses fortes connaissances techniques ainsi que son d\u00e9vouement lui valent une place au sein de la haute direction en d\u00e9cembre 2012, il est nomm\u00e9 vice-pr\u00e9sident, ventes Montr\u00e9al.<\/p><\/div><\/div><div class=\"team-detail\"><div class=\"team-detail-img\"><img decoding=\"async\" src=\"https:\/\/mcstaging.masterapplied.ca\/wp-content\/uploads\/2023\/06\/mat-brown-1.jpg\"><\/div><div class=\"team-detail-name\"><h3>Mat Brown<\/h3><strong><a href=\"https:\/\/mcstaging.masterapplied.ca\/team-category\/executive-team\/\" rel=\"tag\">Executive Team<\/a><\/strong><p><strong>Vice-pr\u00e9sident, D\u00e9veloppement des affaires et ing\u00e9nierie<\/strong>\r\n\r\nTitulaire d\u2019un baccalaur\u00e9at en sciences appliqu\u00e9es et g\u00e9nie m\u00e9canique de l\u2019Universit\u00e9 de Toronto, Mat a rejoint Le Groupe Master en octobre 2020 \u00e0 titre de directeur des ventes pour le secteur industriel. Avec son exp\u00e9rience en tant qu\u2019associ\u00e9 chez EFI Concepts pendant plus de 12 ans, entreprise ontarienne acquise en 2020, il a rapidement mis ses qualit\u00e9s de leader au service de notre compagnie ainsi que son expertise dans l\u2019application de produits CVCA-R d\u00e9di\u00e9s aux solutions commerciales au niveau industriel, environnemental et institutionnel. Depuis f\u00e9vrier 2022, Mat occupe le poste de vice-pr\u00e9sident, d\u00e9veloppement des affaires et produits<\/p><\/div><\/div><div class=\"team-detail\"><div class=\"team-detail-img\"><img decoding=\"async\" src=\"https:\/\/mcstaging.masterapplied.ca\/wp-content\/uploads\/2023\/06\/xMaster-HeadShots-MGagnon-2.jpg\"><\/div><div class=\"team-detail-name\"><h3>Marc Gagnon<\/h3><strong><a href=\"https:\/\/mcstaging.masterapplied.ca\/team-category\/executive-team\/\" rel=\"tag\">Executive Team<\/a><\/strong><p><strong>Vice-pr\u00e9sident, Ventes des Solutions d\u2019Affaires, Est du Canada<\/strong>\r\n\r\nTitulaire d\u2019un dipl\u00f4me en m\u00e9canique du b\u00e2timent du CEGEP de St-Hyacinthe, Marc Gagnon n\u2019a cess\u00e9 de relever les d\u00e9fis qui lui ont \u00e9t\u00e9 confi\u00e9s au fil des ann\u00e9es. D\u00e9butant sa carri\u00e8re en 2002 au sein du Groupe Master en tant que directeur de produits, il se d\u00e9marque en occupant successivement les r\u00f4les de directeur des ventes en ventilation, puis de directeur du secteur commercial industriel de Montr\u00e9al. Par la suite et jusqu\u2019\u00e0 tr\u00e8s r\u00e9cemment, il a assur\u00e9 le poste de directeur r\u00e9gional des ventes, Montr\u00e9al, mandat au cours duquel il a \u00e9galement g\u00e9r\u00e9 l\u2019int\u00e9rim pour la r\u00e9gion de Qu\u00e9bec. En tant qu\u2019acteur important dans le d\u00e9veloppement des solutions commerciales, industrielles et institutionnelles, Marc sait mettre en avant son savoir-faire exceptionnel, ses qualit\u00e9s de leader, son d\u00e9vouement marqu\u00e9 envers la client\u00e8le et l\u2019entreprise, autant de comp\u00e9tences qui lui valent en septembre 2021, sa nomination au sein de la haute direction en tant que vice-pr\u00e9sident ventes, solutions d\u2019affaires pour la r\u00e9gion Est du Canada.<\/p><\/div><\/div><div class=\"team-detail\"><div class=\"team-detail-img\"><img decoding=\"async\" src=\"https:\/\/mcstaging.masterapplied.ca\/wp-content\/uploads\/2023\/06\/allard-vegter-1.jpg\"><\/div><div class=\"team-detail-name\"><h3>Allard Vegter, ing\u00e9nieur, LEED AP<\/h3><p><strong>Vice-pr\u00e9sident, Ventes des Solutions d\u2019Affaires, Centre du Canada<\/strong>\r\n\r\nAllard, muni d'un baccalaur\u00e9at en g\u00e9nie m\u00e9canique de l'Universit\u00e9 Queen's, a commenc\u00e9 \u00e0 travailler pour Le Groupe Master en octobre 2020. Muni de 30 ann\u00e9es d'exp\u00e9rience dans l'industrie, dont une fructueuse p\u00e9riode de 12 ans en tant qu'associ\u00e9 chez EFI Concepts; une entreprise ontarienne de r\u00e9putation qui a \u00e9t\u00e9 acquise en 2020, Allard a d'abord assum\u00e9 le r\u00f4le de directeur des ventes commerciales et produits sp\u00e9cialis\u00e9s avant de devenir directeur r\u00e9gional pour la r\u00e9gion du Grand Toronto des Solutions d'Affaires, en avril 2009. Sa perspicacit\u00e9 strat\u00e9gique et ses performances exceptionnelles ont rapidement \u00e9t\u00e9 reconnues, menant \u00e0 sa nomination au poste de Vice-Pr\u00e9sident, Solutions d'Affaires pour la r\u00e9gion centrale en d\u00e9cembre 2023. Son d\u00e9vouement in\u00e9branlable, associ\u00e9 \u00e0 une profonde compr\u00e9hension de la dynamique du march\u00e9 et des besoins des clients, le positionne comme une force motrice derri\u00e8re la croissance et le succ\u00e8s continus de notre entreprise.<\/p><\/div><\/div><\/div>[\/vc_column_text][\/vc_column][\/vc_row]<\/p>\n<\/div>","protected":false},"excerpt":{"rendered":"<p>[vc_row el_class=\u00a0\u00bbrow-pad no-bottom-pad about-first\u00a0\u00bb css=\u00a0\u00bb.vc_custom_1690879956674{padding-bottom: 0px !important;}\u00a0\u00bb][vc_column][vc_custom_heading text=\u00a0\u00bbNotre mission\u00a0\u00bb font_container=\u00a0\u00bbtag:h2|text_align:center\u00a0\u00bb use_theme_fonts=\u00a0\u00bbyes\u00a0\u00bb][vc_column_text] Chez Master, nous cr\u00e9ons de la valeur en int\u00e9grant nos produits et services et en fournissant des solutions CVCA-R optimales. Avec nos employ\u00e9s, nos clients, nos fournisseurs et nos actionnaires, nous nous unissons pour faire progresser l&rsquo;industrie. En bref, notre mission est d&rsquo;\u00eatre le &#8230; <a title=\"\u00c0 propos de nous\" class=\"read-more\" href=\"https:\/\/mcstaging.masterapplied.ca\/fr\/about-us\/\" aria-label=\"More on \u00c0 propos de nous\">Lire la suite<\/a><\/p>\n","protected":false},"author":2,"featured_media":3457,"parent":0,"menu_order":0,"comment_status":"closed","ping_status":"closed","template":"","meta":{"_acf_changed":false,"footnotes":""},"class_list":["post-4471","page","type-page","status-publish","has-post-thumbnail"],"acf":[],"yoast_head":"<!-- This site is optimized with the Yoast SEO plugin v27.5 - https:\/\/yoast.com\/product\/yoast-seo-wordpress\/ -->\n<title>About us | Master Business Solutions<\/title>\n<meta name=\"description\" content=\"At Master, we&#039;re on a mission to make a difference in HVAC-R. We bring together our products, services, and talented team to provide the best solutions.\" \/>\n<meta name=\"robots\" content=\"noindex, follow, max-snippet:-1, max-image-preview:large, max-video-preview:-1\" \/>\n<meta property=\"og:locale\" content=\"fr_FR\" \/>\n<meta property=\"og:type\" content=\"article\" \/>\n<meta property=\"og:title\" content=\"About us | Master Business Solutions\" \/>\n<meta property=\"og:description\" content=\"At Master, we&#039;re on a mission to make a difference in HVAC-R. We bring together our products, services, and talented team to provide the best solutions.\" \/>\n<meta property=\"og:url\" content=\"https:\/\/mcstaging.masterapplied.ca\/about-us\/\" \/>\n<meta property=\"og:site_name\" content=\"Master Business Solutions\" \/>\n<meta property=\"article:modified_time\" content=\"2024-07-02T20:23:27+00:00\" \/>\n<meta property=\"og:image\" content=\"https:\/\/mcstaging.masterapplied.ca\/wp-content\/uploads\/2023\/02\/AboutUs_Heading_Banner_1920x250.jpg\" \/>\n\t<meta property=\"og:image:width\" content=\"1920\" \/>\n\t<meta property=\"og:image:height\" content=\"250\" \/>\n\t<meta property=\"og:image:type\" content=\"image\/jpeg\" \/>\n<meta name=\"twitter:card\" content=\"summary_large_image\" \/>\n<meta name=\"twitter:label1\" content=\"Dur\u00e9e de lecture estim\u00e9e\" \/>\n\t<meta name=\"twitter:data1\" content=\"2 minutes\" \/>\n<script type=\"application\/ld+json\" class=\"yoast-schema-graph\">{\"@context\":\"https:\\\/\\\/schema.org\",\"@graph\":[{\"@type\":\"WebPage\",\"@id\":\"https:\\\/\\\/mcstaging.masterapplied.ca\\\/about-us\\\/\",\"url\":\"https:\\\/\\\/mcstaging.masterapplied.ca\\\/about-us\\\/\",\"name\":\"About us | Master Business Solutions\",\"isPartOf\":{\"@id\":\"https:\\\/\\\/mcstaging.masterapplied.ca\\\/#website\"},\"primaryImageOfPage\":{\"@id\":\"https:\\\/\\\/mcstaging.masterapplied.ca\\\/about-us\\\/#primaryimage\"},\"image\":{\"@id\":\"https:\\\/\\\/mcstaging.masterapplied.ca\\\/about-us\\\/#primaryimage\"},\"thumbnailUrl\":\"https:\\\/\\\/mcstaging.masterapplied.ca\\\/wp-content\\\/uploads\\\/2023\\\/02\\\/AboutUs_Heading_Banner_1920x250.jpg\",\"datePublished\":\"2022-12-26T09:50:44+00:00\",\"dateModified\":\"2024-07-02T20:23:27+00:00\",\"description\":\"At Master, we're on a mission to make a difference in HVAC-R. We bring together our products, services, and talented team to provide the best solutions.\",\"breadcrumb\":{\"@id\":\"https:\\\/\\\/mcstaging.masterapplied.ca\\\/about-us\\\/#breadcrumb\"},\"inLanguage\":\"fr-FR\",\"potentialAction\":[{\"@type\":\"ReadAction\",\"target\":[\"https:\\\/\\\/mcstaging.masterapplied.ca\\\/about-us\\\/\"]}]},{\"@type\":\"ImageObject\",\"inLanguage\":\"fr-FR\",\"@id\":\"https:\\\/\\\/mcstaging.masterapplied.ca\\\/about-us\\\/#primaryimage\",\"url\":\"https:\\\/\\\/mcstaging.masterapplied.ca\\\/wp-content\\\/uploads\\\/2023\\\/02\\\/AboutUs_Heading_Banner_1920x250.jpg\",\"contentUrl\":\"https:\\\/\\\/mcstaging.masterapplied.ca\\\/wp-content\\\/uploads\\\/2023\\\/02\\\/AboutUs_Heading_Banner_1920x250.jpg\",\"width\":1920,\"height\":250},{\"@type\":\"BreadcrumbList\",\"@id\":\"https:\\\/\\\/mcstaging.masterapplied.ca\\\/about-us\\\/#breadcrumb\",\"itemListElement\":[{\"@type\":\"ListItem\",\"position\":1,\"name\":\"Home\",\"item\":\"https:\\\/\\\/mcstaging.masterapplied.ca\\\/fr\\\/\"},{\"@type\":\"ListItem\",\"position\":2,\"name\":\"\u00c0 propos de nous\"}]},{\"@type\":\"WebSite\",\"@id\":\"https:\\\/\\\/mcstaging.masterapplied.ca\\\/#website\",\"url\":\"https:\\\/\\\/mcstaging.masterapplied.ca\\\/\",\"name\":\"Master Business Solutions\",\"description\":\"\",\"publisher\":{\"@id\":\"https:\\\/\\\/mcstaging.masterapplied.ca\\\/#organization\"},\"potentialAction\":[{\"@type\":\"SearchAction\",\"target\":{\"@type\":\"EntryPoint\",\"urlTemplate\":\"https:\\\/\\\/mcstaging.masterapplied.ca\\\/?s={search_term_string}\"},\"query-input\":{\"@type\":\"PropertyValueSpecification\",\"valueRequired\":true,\"valueName\":\"search_term_string\"}}],\"inLanguage\":\"fr-FR\"},{\"@type\":\"Organization\",\"@id\":\"https:\\\/\\\/mcstaging.masterapplied.ca\\\/#organization\",\"name\":\"Master Business Solutions\",\"url\":\"https:\\\/\\\/mcstaging.masterapplied.ca\\\/\",\"logo\":{\"@type\":\"ImageObject\",\"inLanguage\":\"fr-FR\",\"@id\":\"https:\\\/\\\/mcstaging.masterapplied.ca\\\/#\\\/schema\\\/logo\\\/image\\\/\",\"url\":\"https:\\\/\\\/mcstaging.masterapplied.ca\\\/wp-content\\\/uploads\\\/2023\\\/12\\\/logo_master_business_solution_EN599.webp\",\"contentUrl\":\"https:\\\/\\\/mcstaging.masterapplied.ca\\\/wp-content\\\/uploads\\\/2023\\\/12\\\/logo_master_business_solution_EN599.webp\",\"width\":298,\"height\":126,\"caption\":\"Master Business Solutions\"},\"image\":{\"@id\":\"https:\\\/\\\/mcstaging.masterapplied.ca\\\/#\\\/schema\\\/logo\\\/image\\\/\"}}]}<\/script>\n<!-- \/ Yoast SEO plugin. -->","yoast_head_json":{"title":"About us | Master Business Solutions","description":"At Master, we're on a mission to make a difference in HVAC-R. We bring together our products, services, and talented team to provide the best solutions.","robots":{"index":"noindex","follow":"follow","max-snippet":"max-snippet:-1","max-image-preview":"max-image-preview:large","max-video-preview":"max-video-preview:-1"},"og_locale":"fr_FR","og_type":"article","og_title":"About us | Master Business Solutions","og_description":"At Master, we're on a mission to make a difference in HVAC-R. We bring together our products, services, and talented team to provide the best solutions.","og_url":"https:\/\/mcstaging.masterapplied.ca\/about-us\/","og_site_name":"Master Business Solutions","article_modified_time":"2024-07-02T20:23:27+00:00","og_image":[{"width":1920,"height":250,"url":"https:\/\/mcstaging.masterapplied.ca\/wp-content\/uploads\/2023\/02\/AboutUs_Heading_Banner_1920x250.jpg","type":"image\/jpeg"}],"twitter_card":"summary_large_image","twitter_misc":{"Dur\u00e9e de lecture estim\u00e9e":"2 minutes"},"schema":{"@context":"https:\/\/schema.org","@graph":[{"@type":"WebPage","@id":"https:\/\/mcstaging.masterapplied.ca\/about-us\/","url":"https:\/\/mcstaging.masterapplied.ca\/about-us\/","name":"About us | Master Business Solutions","isPartOf":{"@id":"https:\/\/mcstaging.masterapplied.ca\/#website"},"primaryImageOfPage":{"@id":"https:\/\/mcstaging.masterapplied.ca\/about-us\/#primaryimage"},"image":{"@id":"https:\/\/mcstaging.masterapplied.ca\/about-us\/#primaryimage"},"thumbnailUrl":"https:\/\/mcstaging.masterapplied.ca\/wp-content\/uploads\/2023\/02\/AboutUs_Heading_Banner_1920x250.jpg","datePublished":"2022-12-26T09:50:44+00:00","dateModified":"2024-07-02T20:23:27+00:00","description":"At Master, we're on a mission to make a difference in HVAC-R. We bring together our products, services, and talented team to provide the best solutions.","breadcrumb":{"@id":"https:\/\/mcstaging.masterapplied.ca\/about-us\/#breadcrumb"},"inLanguage":"fr-FR","potentialAction":[{"@type":"ReadAction","target":["https:\/\/mcstaging.masterapplied.ca\/about-us\/"]}]},{"@type":"ImageObject","inLanguage":"fr-FR","@id":"https:\/\/mcstaging.masterapplied.ca\/about-us\/#primaryimage","url":"https:\/\/mcstaging.masterapplied.ca\/wp-content\/uploads\/2023\/02\/AboutUs_Heading_Banner_1920x250.jpg","contentUrl":"https:\/\/mcstaging.masterapplied.ca\/wp-content\/uploads\/2023\/02\/AboutUs_Heading_Banner_1920x250.jpg","width":1920,"height":250},{"@type":"BreadcrumbList","@id":"https:\/\/mcstaging.masterapplied.ca\/about-us\/#breadcrumb","itemListElement":[{"@type":"ListItem","position":1,"name":"Home","item":"https:\/\/mcstaging.masterapplied.ca\/fr\/"},{"@type":"ListItem","position":2,"name":"\u00c0 propos de nous"}]},{"@type":"WebSite","@id":"https:\/\/mcstaging.masterapplied.ca\/#website","url":"https:\/\/mcstaging.masterapplied.ca\/","name":"Master Business Solutions","description":"","publisher":{"@id":"https:\/\/mcstaging.masterapplied.ca\/#organization"},"potentialAction":[{"@type":"SearchAction","target":{"@type":"EntryPoint","urlTemplate":"https:\/\/mcstaging.masterapplied.ca\/?s={search_term_string}"},"query-input":{"@type":"PropertyValueSpecification","valueRequired":true,"valueName":"search_term_string"}}],"inLanguage":"fr-FR"},{"@type":"Organization","@id":"https:\/\/mcstaging.masterapplied.ca\/#organization","name":"Master Business Solutions","url":"https:\/\/mcstaging.masterapplied.ca\/","logo":{"@type":"ImageObject","inLanguage":"fr-FR","@id":"https:\/\/mcstaging.masterapplied.ca\/#\/schema\/logo\/image\/","url":"https:\/\/mcstaging.masterapplied.ca\/wp-content\/uploads\/2023\/12\/logo_master_business_solution_EN599.webp","contentUrl":"https:\/\/mcstaging.masterapplied.ca\/wp-content\/uploads\/2023\/12\/logo_master_business_solution_EN599.webp","width":298,"height":126,"caption":"Master Business Solutions"},"image":{"@id":"https:\/\/mcstaging.masterapplied.ca\/#\/schema\/logo\/image\/"}}]}},"_links":{"self":[{"href":"https:\/\/mcstaging.masterapplied.ca\/fr\/wp-json\/wp\/v2\/pages\/4471","targetHints":{"allow":["GET"]}}],"collection":[{"href":"https:\/\/mcstaging.masterapplied.ca\/fr\/wp-json\/wp\/v2\/pages"}],"about":[{"href":"https:\/\/mcstaging.masterapplied.ca\/fr\/wp-json\/wp\/v2\/types\/page"}],"author":[{"embeddable":true,"href":"https:\/\/mcstaging.masterapplied.ca\/fr\/wp-json\/wp\/v2\/users\/2"}],"replies":[{"embeddable":true,"href":"https:\/\/mcstaging.masterapplied.ca\/fr\/wp-json\/wp\/v2\/comments?post=4471"}],"version-history":[{"count":9,"href":"https:\/\/mcstaging.masterapplied.ca\/fr\/wp-json\/wp\/v2\/pages\/4471\/revisions"}],"predecessor-version":[{"id":6395,"href":"https:\/\/mcstaging.masterapplied.ca\/fr\/wp-json\/wp\/v2\/pages\/4471\/revisions\/6395"}],"wp:featuredmedia":[{"embeddable":true,"href":"https:\/\/mcstaging.masterapplied.ca\/fr\/wp-json\/wp\/v2\/media\/3457"}],"wp:attachment":[{"href":"https:\/\/mcstaging.masterapplied.ca\/fr\/wp-json\/wp\/v2\/media?parent=4471"}],"curies":[{"name":"wp","href":"https:\/\/api.w.org\/{rel}","templated":true}]}}