{"id":4419,"date":"2023-01-06T05:10:37","date_gmt":"2023-01-06T10:10:37","guid":{"rendered":"https:\/\/mcstaging.masterapplied.ca\/actualites-et-informations\/"},"modified":"2026-02-06T14:15:02","modified_gmt":"2026-02-06T19:15:02","slug":"actualites-et-informations","status":"publish","type":"page","link":"https:\/\/mcstaging.masterapplied.ca\/fr\/actualites-et-informations\/","title":{"rendered":"Actualit\u00e9s"},"content":{"rendered":"<div class=\"wpb-content-wrapper\"><p>[vc_row][vc_column][vc_column_text]<span data-mce-type=\"bookmark\" style=\"display: inline-block; width: 0px; overflow: hidden; line-height: 0;\" class=\"mce_SELRES_start\"><\/span>[\/vc_column_text][\/vc_column][\/vc_row][vc_row el_class=\u00a0\u00bbblog\u00a0\u00bb][vc_column][vc_column_text]<div class=\"page-content news_post\"><div class=\"row-col\"><div class=\"col-left-8\"><div class=\"news_sections\"><div class=\"img-box-section\"><div class=\"left-box\"><img decoding=\"async\" alt=\"Master Business Solutions\" src=\"https:\/\/mcstaging.masterapplied.ca\/wp-content\/uploads\/2023\/06\/The-Master-Group-acquires-Ontario-distributor-Baymar-Supply-Ltd..jpg\"><\/div><div class=\"right-box\"><h6> octobre 2019<\/h6><h3>Le Groupe Master acquiert le distributeur sud-ontarien Baymar Supply Ltd.<\/h3><p>Cette nouvelle offensive signe l\u2019implantation de l\u2019entreprise dans le territoire du sud-ouest ontarien et son avanc\u00e9e dans le secteur des projets commerciaux et industriels. Boucherville, 1er\u00a0octobre 2019\u00a0\u2013 Le Groupe Master a le plaisir d\u2019annoncer l\u2019acquisition de Baymar Supply Ltd., distributeur sud-ontarien sp\u00e9cialis\u00e9 dans les solutions commerciales, industrielles et institutionnelles de l\u2019industrie du CVCA-R. \u00a0Baymar continuera ... <a title=\"Le Groupe Master acquiert le distributeur sud-ontarien Baymar Supply Ltd.\" class=\"read-more\" href=\"https:\/\/mcstaging.masterapplied.ca\/fr\/the-master-group-acquires-ontario-distributor-baymar-supply-ltd\/\" aria-label=\"More on Le Groupe Master acquiert le distributeur sud-ontarien Baymar Supply Ltd.\">Lire la suite<\/a><\/p><a href=\"https:\/\/mcstaging.masterapplied.ca\/fr\/the-master-group-acquires-ontario-distributor-baymar-supply-ltd\/\" class=\"learn_more\">En savoir plus<\/a><\/div><\/div><div class=\"img-box-section\"><div class=\"left-box\"><img decoding=\"async\" alt=\"Master Business Solutions\" src=\"https:\/\/mcstaging.masterapplied.ca\/wp-content\/uploads\/blauberg_news_masterapplied_fr.jpg\"><\/div><div class=\"right-box\"><h6> octobre 2025<\/h6><h3>Blauberg &#8211; Syst\u00e8me r\u00e9g\u00e9n\u00e9ratif de noyau r\u00e9versible<\/h3><p>[vc_row css=\u00a0\u00bb.vc_custom_1726193639124{padding-top: 20px !important;}\u00a0\u00bb][vc_column width=\u00a0\u00bb1\/3&Prime; css=\u00a0\u00bb.vc_custom_1726259773538{margin-top: 15px !important;}\u00a0\u00bb][vc_separator color=\u00a0\u00bbcustom\u00a0\u00bb border_width=\u00a0\u00bb2&Prime; css=\u00a0\u00bb.vc_custom_1726193173590{padding-top: 15px !important;}\u00a0\u00bb accent_color=\u00a0\u00bb#ec6608&Prime;][\/vc_column][vc_column width=\u00a0\u00bb1\/3&Prime;][vc_column_text css=\u00a0\u00bb.vc_custom_1726193149858{padding-top: 5px !important;padding-bottom: 10px !important;background-color: #ec6608 !important;}\u00a0\u00bb] PRODUIT VEDETTE [\/vc_column_text][\/vc_column][vc_column width=\u00a0\u00bb1\/3&Prime; css=\u00a0\u00bb.vc_custom_1726259784451{margin-top: 15px !important;}\u00a0\u00bb][vc_separator color=\u00a0\u00bbcustom\u00a0\u00bb border_width=\u00a0\u00bb2&Prime; css=\u00a0\u00bb.vc_custom_1726259759559{padding-top: 15px !important;}\u00a0\u00bb accent_color=\u00a0\u00bb#ec6608&Prime;][\/vc_column][\/vc_row][vc_row][vc_column][vc_column_text css=\u00a0\u00bb.vc_custom_1760708425477{padding-top: 30px !important;}\u00a0\u00bb] UNIT\u00c9S BLAUBERG STANDARDS ET SUR MESURE AVEC TECHNOLOGIE E.R.I. D\u2019UN NOYAU R\u00c9VERSIBLE D\u2019ACCUAIR [\/vc_column_text][vc_column_text css=\u00a0\u00bb.vc_custom_1760706970448{padding-top: 30px !important;}\u00a0\u00bb] ... <a title=\"Blauberg &#8211; Syst\u00e8me r\u00e9g\u00e9n\u00e9ratif de noyau r\u00e9versible\" class=\"read-more\" href=\"https:\/\/mcstaging.masterapplied.ca\/fr\/blauberg-systeme-regeneratif-de-noyau-reversible\/\" aria-label=\"More on Blauberg &#8211; Syst\u00e8me r\u00e9g\u00e9n\u00e9ratif de noyau r\u00e9versible\">Lire la suite<\/a><\/p><a href=\"https:\/\/mcstaging.masterapplied.ca\/fr\/blauberg-systeme-regeneratif-de-noyau-reversible\/\" class=\"learn_more\">En savoir plus<\/a><\/div><\/div><div class=\"img-box-section\"><div class=\"left-box\"><img decoding=\"async\" alt=\"Master Business Solutions\" src=\"https:\/\/mcstaging.masterapplied.ca\/wp-content\/uploads\/Olimpia_fr.jpg\"><\/div><div class=\"right-box\"><h6> septembre 2024<\/h6><h3>Olimpia Splendid &#8211; Maestro<\/h3><p>[vc_row css=\u00a0\u00bb.vc_custom_1726193639124{padding-top: 20px !important;}\u00a0\u00bb][vc_column width=\u00a0\u00bb1\/3&Prime; css=\u00a0\u00bb.vc_custom_1726259773538{margin-top: 15px !important;}\u00a0\u00bb][vc_separator color=\u00a0\u00bbcustom\u00a0\u00bb border_width=\u00a0\u00bb2&Prime; css=\u00a0\u00bb.vc_custom_1726193173590{padding-top: 15px !important;}\u00a0\u00bb accent_color=\u00a0\u00bb#ec6608&Prime;][\/vc_column][vc_column width=\u00a0\u00bb1\/3&Prime;][vc_column_text css=\u00a0\u00bb.vc_custom_1726193149858{padding-top: 5px !important;padding-bottom: 10px !important;background-color: #ec6608 !important;}\u00a0\u00bb] PRODUIT VEDETTE [\/vc_column_text][\/vc_column][vc_column width=\u00a0\u00bb1\/3&Prime; css=\u00a0\u00bb.vc_custom_1726259784451{margin-top: 15px !important;}\u00a0\u00bb][vc_separator color=\u00a0\u00bbcustom\u00a0\u00bb border_width=\u00a0\u00bb2&Prime; css=\u00a0\u00bb.vc_custom_1726259759559{padding-top: 15px !important;}\u00a0\u00bb accent_color=\u00a0\u00bb#ec6608&Prime;][\/vc_column][\/vc_row][vc_row][vc_column][vc_column_text css=\u00a0\u00bb.vc_custom_1726192053869{padding-top: 30px !important;}\u00a0\u00bb] THERMOPOMPE SANS CONDUITS MAESTRO [\/vc_column_text][\/vc_column][\/vc_row][vc_row][vc_column][vc_column_text css=\u00a0\u00bb\u00a0\u00bb] Le premier appareil mural de climatisation et de chauffage de l&rsquo;industrie ... <a title=\"Olimpia Splendid &#8211; Maestro\" class=\"read-more\" href=\"https:\/\/mcstaging.masterapplied.ca\/fr\/olimpia-splendid-maestro\/\" aria-label=\"More on Olimpia Splendid &#8211; Maestro\">Lire la suite<\/a><\/p><a href=\"https:\/\/mcstaging.masterapplied.ca\/fr\/olimpia-splendid-maestro\/\" class=\"learn_more\">En savoir plus<\/a><\/div><\/div><div class=\"img-box-section\"><div class=\"left-box\"><img decoding=\"async\" alt=\"Master Business Solutions\" src=\"https:\/\/mcstaging.masterapplied.ca\/wp-content\/uploads\/aerco_therm-elect_.jpg\"><\/div><div class=\"right-box\"><h6> juillet 2024<\/h6><h3>Accumulateur de chaleur Steffes et chaudi\u00e8res Aerco<\/h3><p>[vc_row][vc_column][vc_column_text css=\u00a0\u00bb\u00a0\u00bb] Optimisation de la gestion de pointe \u00e9lectrique avec chaudi\u00e8re \u00e9lectrique, \u00e0 gaz et accumulateur thermique [\/vc_column_text][\/vc_column][\/vc_row][vc_row][vc_column][vc_separator css=\u00a0\u00bb\u00a0\u00bb][\/vc_column][\/vc_row][vc_row][vc_column][vc_empty_space][vc_column_text css=\u00a0\u00bb\u00a0\u00bb]En combinant une chaudi\u00e8re \u00e9lectrique BMK-E avec une chaudi\u00e8re \u00e0 condensation BMK ou par l&rsquo;utilisation d&rsquo;un accumulateur thermique ThermElect de Steffes, nous optimisons l&rsquo;utilisation de l&rsquo;\u00e9nergie et am\u00e9liorons la r\u00e9silience du syst\u00e8me \u00e9nerg\u00e9tique dans son ensemble.[\/vc_column_text][\/vc_column][\/vc_row][vc_row][vc_column ... <a title=\"Accumulateur de chaleur Steffes et chaudi\u00e8res Aerco\" class=\"read-more\" href=\"https:\/\/mcstaging.masterapplied.ca\/fr\/accumulateur-de-chaleur-steffes-et-chaudieres-aerco\/\" aria-label=\"More on Accumulateur de chaleur Steffes et chaudi\u00e8res Aerco\">Lire la suite<\/a><\/p><a href=\"https:\/\/mcstaging.masterapplied.ca\/fr\/accumulateur-de-chaleur-steffes-et-chaudieres-aerco\/\" class=\"learn_more\">En savoir plus<\/a><\/div><\/div><div class=\"img-box-section\"><div class=\"left-box\"><img decoding=\"async\" alt=\"Master Business Solutions\" src=\"https:\/\/mcstaging.masterapplied.ca\/wp-content\/uploads\/2024\/02\/banner_wo_plymovent_logo_v2.png\"><\/div><div class=\"right-box\"><h6> f\u00e9vrier 2024<\/h6><h3>Plymovent\u00ae &#8211; Exclusif chez Master \u00e0 travers l&rsquo;Ontario<\/h3><p>[vc_row][vc_column css=\u00a0\u00bb.vc_custom_1707764609986{margin-top: 40px !important;margin-bottom: 20px !important;}\u00a0\u00bb][vc_column_text][\/vc_column_text][\/vc_column][\/vc_row][vc_row][vc_column css=\u00a0\u00bb.vc_custom_1707764634972{margin-top: 20px !important;margin-bottom: 20px !important;}\u00a0\u00bb][vc_custom_heading text=\u00a0\u00bbGamme compl\u00e8te de syst\u00e8mes d&rsquo;extraction des fum\u00e9es, vapeurs de soudage et gaz d&rsquo;\u00e9chappement des v\u00e9hicule\u00a0\u00bb font_container=\u00a0\u00bbtag:h4|text_align:left\u00a0\u00bb][vc_row_inner][vc_column_inner width=\u00a0\u00bb1\/2&Prime;][vc_column_text] Extraction des fum\u00e9es et de vapeurs de soudage Tables aspirantes Bras d\u2019aspiration Hottes d\u2019extraction Filtres mobiles Filtres stationnaires \u00c9quipements de commande Ventilateurs Syst\u00e8me de bras multiples Syst\u00e8me ... <a title=\"Plymovent\u00ae &#8211; Exclusif chez Master \u00e0 travers l&rsquo;Ontario\" class=\"read-more\" href=\"https:\/\/mcstaging.masterapplied.ca\/fr\/plymovent-exclusif-chez-master-a-travers-lontario\/\" aria-label=\"More on Plymovent\u00ae &#8211; Exclusif chez Master \u00e0 travers l&rsquo;Ontario\">Lire la suite<\/a><\/p><a href=\"https:\/\/mcstaging.masterapplied.ca\/fr\/plymovent-exclusif-chez-master-a-travers-lontario\/\" class=\"learn_more\">En savoir plus<\/a><\/div><\/div><div class=\"img-box-section\"><div class=\"left-box\"><img decoding=\"async\" alt=\"Master Business Solutions\" src=\"https:\/\/mcstaging.masterapplied.ca\/wp-content\/uploads\/2023\/12\/screershot.jpg\"><\/div><div class=\"right-box\"><h6> d\u00e9cembre 2023<\/h6><h3>Pr\u00e9sentation des unit\u00e9s pour vos salles de serveurs -40\u00b0C Hitachi<\/h3><p>Afin de bien comprendre les syst\u00e8mes de climatisation pour vos salles de serveurs lors de temp\u00e9rature froide jusqu\u2019\u00e0 -40\u00b0C, visionnez cette vid\u00e9o<\/p><a href=\"https:\/\/mcstaging.masterapplied.ca\/fr\/presentation-des-unites-pour-vos-salles-de-serveurs-400c-hitachi\/\" class=\"learn_more\">En savoir plus<\/a><\/div><\/div><div class=\"img-box-section\"><div class=\"left-box\"><img decoding=\"async\" alt=\"Master Business Solutions\" src=\"https:\/\/mcstaging.masterapplied.ca\/wp-content\/uploads\/2023\/06\/Construction-Canada-Ventilation-Trends.jpg\"><\/div><div class=\"right-box\"><h6> mars 2023<\/h6><h3>Tendances en mati\u00e8re de ventilation \u00e0 Construction Canada<\/h3><p>Ce que les prescripteurs doivent savoir sur l\u2019enveloppement des b\u00e2timents Tirer parti de la durabilit\u00e9 du cuivre dans l\u2019agrandissement des \u00e9coles Simplifier la ventilation des b\u00e2timents \u00e0 l\u2019aide de conduits en tissu...<\/p><a href=\"https:\/\/mcstaging.masterapplied.ca\/fr\/tendances-en-matiere-de-ventilation-a-construction-canada\/\" class=\"learn_more\">En savoir plus<\/a><\/div><\/div><div class=\"img-box-section\"><div class=\"left-box\"><img decoding=\"async\" alt=\"Master Business Solutions\" src=\"https:\/\/mcstaging.masterapplied.ca\/wp-content\/uploads\/2023\/06\/ductwork.png\"><\/div><div class=\"right-box\"><h6> mai 2021<\/h6><h3>Le Groupe Master fait l\u2019acquisition de Gagnon &#038; Associates Inc.<\/h3><p>Cette acquisition confirme le positionnement de Master en tant que leader dans le domaine des solutions d\u2019affaires CVCA-R sur tout le territoire ontarien. Boucherville, 31 mai 2021\u00a0&#8211; Le Groupe Master a annonc\u00e9 aujourd\u2019hui l\u2019acquisition de tous les actifs de Gagnon &amp; Associates Inc., une entreprise ontarienne \u00e9tablie \u00e0 Sudbury et sp\u00e9cialis\u00e9e dans la conception de ... <a title=\"Le Groupe Master fait l\u2019acquisition de Gagnon &#038; Associates Inc.\" class=\"read-more\" href=\"https:\/\/mcstaging.masterapplied.ca\/fr\/le-groupe-master-fait-lacquisition-de-gagnon-associates-inc\/\" aria-label=\"More on Le Groupe Master fait l\u2019acquisition de Gagnon &#038; Associates Inc.\">Lire la suite<\/a><\/p><a href=\"https:\/\/mcstaging.masterapplied.ca\/fr\/le-groupe-master-fait-lacquisition-de-gagnon-associates-inc\/\" class=\"learn_more\">En savoir plus<\/a><\/div><\/div><div class=\"img-box-section\"><div class=\"left-box\"><img decoding=\"async\" alt=\"Master Business Solutions\" src=\"https:\/\/mcstaging.masterapplied.ca\/wp-content\/uploads\/2020\/10\/GTA-Tag-152-TTC-Union-Station-Rev-4-No-Cable-or-Crane-scaled.jpg\"><\/div><div class=\"right-box\"><h6> octobre 2020<\/h6><h3>Le Groupe Master acquiert le repr\u00e9sentant manufacturier ontarien EFI Concepts<\/h3><p>Le Groupe Master a le plaisir d\u2019annoncer l\u2019acquisition de la firme EFI Concepts, une entreprise ontarienne oeuvrant \u00e0 partir de son si\u00e8ge social de Toronto et du bureau r\u00e9gional d\u2019Ancaster, sp\u00e9cialis\u00e9e dans l&rsquo;application de produits de chauffage, ventilation et climatisation dans le cadre d\u2019applications de solutions commerciales dans les secteurs industriel, institutionnel et environnemental.<\/p><a href=\"https:\/\/mcstaging.masterapplied.ca\/fr\/le-groupe-master-acquiert-le-representant-manufacturier-ontarien-efi-concepts\/\" class=\"learn_more\">En savoir plus<\/a><\/div><\/div><div class=\"pagination\"><div class=\"pagination_main\"><ul class='page-numbers'>\n\t<li><span aria-current=\"page\" class=\"page-numbers current\">1<\/span><\/li>\n\t<li><a class=\"page-numbers\" href=\"https:\/\/mcstaging.masterapplied.ca\/fr\/wp-json\/wp\/v2\/pages\/4419\/page\/2\/\">2<\/a><\/li>\n\t<li><a class=\"next page-numbers\" href=\"https:\/\/mcstaging.masterapplied.ca\/fr\/wp-json\/wp\/v2\/pages\/4419\/page\/2\/\"><i class=\"fa fa-angle-double-right\" aria-hidden=\"true\"><\/i><\/a><\/li>\n<\/ul>\n<\/div><\/div><\/div><\/div><div class=\"col-left-4\"><div class=\"right_side_bar\"><h4>Archives <\/h4><ul>\t<li><a href='https:\/\/mcstaging.masterapplied.ca\/fr\/2025\/'>2025<\/a><\/li>\n\t<li><a href='https:\/\/mcstaging.masterapplied.ca\/fr\/2024\/'>2024<\/a><\/li>\n\t<li><a href='https:\/\/mcstaging.masterapplied.ca\/fr\/2023\/'>2023<\/a><\/li>\n\t<li><a href='https:\/\/mcstaging.masterapplied.ca\/fr\/2021\/'>2021<\/a><\/li>\n\t<li><a href='https:\/\/mcstaging.masterapplied.ca\/fr\/2020\/'>2020<\/a><\/li>\n\t<li><a href='https:\/\/mcstaging.masterapplied.ca\/fr\/2019\/'>2019<\/a><\/li>\n<\/ul><\/div><\/div><\/div><\/div>[\/vc_column_text][\/vc_column][\/vc_row][vc_row][vc_column][vc_column_text]<span data-mce-type=\"bookmark\" style=\"display: inline-block; width: 0px; overflow: hidden; line-height: 0;\" class=\"mce_SELRES_end\"><\/span>[\/vc_column_text][\/vc_column][\/vc_row]<\/p>\n<\/div>","protected":false},"excerpt":{"rendered":"<p>[vc_row][vc_column][vc_column_text][\/vc_column_text][\/vc_column][\/vc_row][vc_row el_class=\u00a0\u00bbblog\u00a0\u00bb][vc_column][vc_column_text][\/vc_column_text][\/vc_column][\/vc_row][vc_row][vc_column][vc_column_text][\/vc_column_text][\/vc_column][\/vc_row]<\/p>\n","protected":false},"author":2,"featured_media":3367,"parent":0,"menu_order":0,"comment_status":"closed","ping_status":"closed","template":"","meta":{"_acf_changed":false,"footnotes":""},"class_list":["post-4419","page","type-page","status-publish","has-post-thumbnail","hentry"],"acf":[],"yoast_head":"<!-- This site is optimized with the Yoast SEO plugin v27.5 - https:\/\/yoast.com\/product\/yoast-seo-wordpress\/ -->\n<title>Actualit\u00e9s - Master Business Solutions<\/title>\n<meta name=\"robots\" content=\"noindex, follow, max-snippet:-1, max-image-preview:large, max-video-preview:-1\" \/>\n<meta property=\"og:locale\" content=\"fr_FR\" \/>\n<meta property=\"og:type\" content=\"article\" \/>\n<meta property=\"og:title\" content=\"Actualit\u00e9s - Master Business Solutions\" \/>\n<meta property=\"og:description\" content=\"[vc_row][vc_column][vc_column_text][\/vc_column_text][\/vc_column][\/vc_row][vc_row el_class=\u00a0\u00bbblog\u00a0\u00bb][vc_column][vc_column_text][\/vc_column_text][\/vc_column][\/vc_row][vc_row][vc_column][vc_column_text][\/vc_column_text][\/vc_column][\/vc_row]\" \/>\n<meta property=\"og:url\" content=\"https:\/\/mcstaging.masterapplied.ca\/news-and-insights\/\" \/>\n<meta property=\"og:site_name\" content=\"Master Business Solutions\" \/>\n<meta property=\"article:modified_time\" content=\"2026-02-06T19:15:02+00:00\" \/>\n<meta property=\"og:image\" content=\"https:\/\/mcstaging.masterapplied.ca\/wp-content\/uploads\/2022\/12\/Rectangle-17-4.jpg\" \/>\n\t<meta property=\"og:image:width\" content=\"1920\" \/>\n\t<meta property=\"og:image:height\" content=\"250\" \/>\n\t<meta property=\"og:image:type\" content=\"image\/jpeg\" \/>\n<meta name=\"twitter:card\" content=\"summary_large_image\" \/>\n<script type=\"application\/ld+json\" class=\"yoast-schema-graph\">{\"@context\":\"https:\\\/\\\/schema.org\",\"@graph\":[{\"@type\":\"WebPage\",\"@id\":\"https:\\\/\\\/mcstaging.masterapplied.ca\\\/news-and-insights\\\/\",\"url\":\"https:\\\/\\\/mcstaging.masterapplied.ca\\\/news-and-insights\\\/\",\"name\":\"Actualit\u00e9s - Master Business Solutions\",\"isPartOf\":{\"@id\":\"https:\\\/\\\/mcstaging.masterapplied.ca\\\/#website\"},\"primaryImageOfPage\":{\"@id\":\"https:\\\/\\\/mcstaging.masterapplied.ca\\\/news-and-insights\\\/#primaryimage\"},\"image\":{\"@id\":\"https:\\\/\\\/mcstaging.masterapplied.ca\\\/news-and-insights\\\/#primaryimage\"},\"thumbnailUrl\":\"https:\\\/\\\/mcstaging.masterapplied.ca\\\/wp-content\\\/uploads\\\/2022\\\/12\\\/Rectangle-17-4.jpg\",\"datePublished\":\"2023-01-06T10:10:37+00:00\",\"dateModified\":\"2026-02-06T19:15:02+00:00\",\"breadcrumb\":{\"@id\":\"https:\\\/\\\/mcstaging.masterapplied.ca\\\/news-and-insights\\\/#breadcrumb\"},\"inLanguage\":\"fr-FR\",\"potentialAction\":[{\"@type\":\"ReadAction\",\"target\":[\"https:\\\/\\\/mcstaging.masterapplied.ca\\\/news-and-insights\\\/\"]}]},{\"@type\":\"ImageObject\",\"inLanguage\":\"fr-FR\",\"@id\":\"https:\\\/\\\/mcstaging.masterapplied.ca\\\/news-and-insights\\\/#primaryimage\",\"url\":\"https:\\\/\\\/mcstaging.masterapplied.ca\\\/wp-content\\\/uploads\\\/2022\\\/12\\\/Rectangle-17-4.jpg\",\"contentUrl\":\"https:\\\/\\\/mcstaging.masterapplied.ca\\\/wp-content\\\/uploads\\\/2022\\\/12\\\/Rectangle-17-4.jpg\",\"width\":1920,\"height\":250},{\"@type\":\"BreadcrumbList\",\"@id\":\"https:\\\/\\\/mcstaging.masterapplied.ca\\\/news-and-insights\\\/#breadcrumb\",\"itemListElement\":[{\"@type\":\"ListItem\",\"position\":1,\"name\":\"Home\",\"item\":\"https:\\\/\\\/mcstaging.masterapplied.ca\\\/fr\\\/\"},{\"@type\":\"ListItem\",\"position\":2,\"name\":\"Actualit\u00e9s\"}]},{\"@type\":\"WebSite\",\"@id\":\"https:\\\/\\\/mcstaging.masterapplied.ca\\\/#website\",\"url\":\"https:\\\/\\\/mcstaging.masterapplied.ca\\\/\",\"name\":\"Master Business Solutions\",\"description\":\"\",\"publisher\":{\"@id\":\"https:\\\/\\\/mcstaging.masterapplied.ca\\\/#organization\"},\"potentialAction\":[{\"@type\":\"SearchAction\",\"target\":{\"@type\":\"EntryPoint\",\"urlTemplate\":\"https:\\\/\\\/mcstaging.masterapplied.ca\\\/?s={search_term_string}\"},\"query-input\":{\"@type\":\"PropertyValueSpecification\",\"valueRequired\":true,\"valueName\":\"search_term_string\"}}],\"inLanguage\":\"fr-FR\"},{\"@type\":\"Organization\",\"@id\":\"https:\\\/\\\/mcstaging.masterapplied.ca\\\/#organization\",\"name\":\"Master Business Solutions\",\"url\":\"https:\\\/\\\/mcstaging.masterapplied.ca\\\/\",\"logo\":{\"@type\":\"ImageObject\",\"inLanguage\":\"fr-FR\",\"@id\":\"https:\\\/\\\/mcstaging.masterapplied.ca\\\/#\\\/schema\\\/logo\\\/image\\\/\",\"url\":\"https:\\\/\\\/mcstaging.masterapplied.ca\\\/wp-content\\\/uploads\\\/2023\\\/12\\\/logo_master_business_solution_EN599.webp\",\"contentUrl\":\"https:\\\/\\\/mcstaging.masterapplied.ca\\\/wp-content\\\/uploads\\\/2023\\\/12\\\/logo_master_business_solution_EN599.webp\",\"width\":298,\"height\":126,\"caption\":\"Master Business Solutions\"},\"image\":{\"@id\":\"https:\\\/\\\/mcstaging.masterapplied.ca\\\/#\\\/schema\\\/logo\\\/image\\\/\"}}]}<\/script>\n<!-- \/ Yoast SEO plugin. -->","yoast_head_json":{"title":"Actualit\u00e9s - Master Business Solutions","robots":{"index":"noindex","follow":"follow","max-snippet":"max-snippet:-1","max-image-preview":"max-image-preview:large","max-video-preview":"max-video-preview:-1"},"og_locale":"fr_FR","og_type":"article","og_title":"Actualit\u00e9s - Master Business Solutions","og_description":"[vc_row][vc_column][vc_column_text][\/vc_column_text][\/vc_column][\/vc_row][vc_row el_class=\u00a0\u00bbblog\u00a0\u00bb][vc_column][vc_column_text][\/vc_column_text][\/vc_column][\/vc_row][vc_row][vc_column][vc_column_text][\/vc_column_text][\/vc_column][\/vc_row]","og_url":"https:\/\/mcstaging.masterapplied.ca\/news-and-insights\/","og_site_name":"Master Business Solutions","article_modified_time":"2026-02-06T19:15:02+00:00","og_image":[{"width":1920,"height":250,"url":"https:\/\/mcstaging.masterapplied.ca\/wp-content\/uploads\/2022\/12\/Rectangle-17-4.jpg","type":"image\/jpeg"}],"twitter_card":"summary_large_image","schema":{"@context":"https:\/\/schema.org","@graph":[{"@type":"WebPage","@id":"https:\/\/mcstaging.masterapplied.ca\/news-and-insights\/","url":"https:\/\/mcstaging.masterapplied.ca\/news-and-insights\/","name":"Actualit\u00e9s - Master Business Solutions","isPartOf":{"@id":"https:\/\/mcstaging.masterapplied.ca\/#website"},"primaryImageOfPage":{"@id":"https:\/\/mcstaging.masterapplied.ca\/news-and-insights\/#primaryimage"},"image":{"@id":"https:\/\/mcstaging.masterapplied.ca\/news-and-insights\/#primaryimage"},"thumbnailUrl":"https:\/\/mcstaging.masterapplied.ca\/wp-content\/uploads\/2022\/12\/Rectangle-17-4.jpg","datePublished":"2023-01-06T10:10:37+00:00","dateModified":"2026-02-06T19:15:02+00:00","breadcrumb":{"@id":"https:\/\/mcstaging.masterapplied.ca\/news-and-insights\/#breadcrumb"},"inLanguage":"fr-FR","potentialAction":[{"@type":"ReadAction","target":["https:\/\/mcstaging.masterapplied.ca\/news-and-insights\/"]}]},{"@type":"ImageObject","inLanguage":"fr-FR","@id":"https:\/\/mcstaging.masterapplied.ca\/news-and-insights\/#primaryimage","url":"https:\/\/mcstaging.masterapplied.ca\/wp-content\/uploads\/2022\/12\/Rectangle-17-4.jpg","contentUrl":"https:\/\/mcstaging.masterapplied.ca\/wp-content\/uploads\/2022\/12\/Rectangle-17-4.jpg","width":1920,"height":250},{"@type":"BreadcrumbList","@id":"https:\/\/mcstaging.masterapplied.ca\/news-and-insights\/#breadcrumb","itemListElement":[{"@type":"ListItem","position":1,"name":"Home","item":"https:\/\/mcstaging.masterapplied.ca\/fr\/"},{"@type":"ListItem","position":2,"name":"Actualit\u00e9s"}]},{"@type":"WebSite","@id":"https:\/\/mcstaging.masterapplied.ca\/#website","url":"https:\/\/mcstaging.masterapplied.ca\/","name":"Master Business Solutions","description":"","publisher":{"@id":"https:\/\/mcstaging.masterapplied.ca\/#organization"},"potentialAction":[{"@type":"SearchAction","target":{"@type":"EntryPoint","urlTemplate":"https:\/\/mcstaging.masterapplied.ca\/?s={search_term_string}"},"query-input":{"@type":"PropertyValueSpecification","valueRequired":true,"valueName":"search_term_string"}}],"inLanguage":"fr-FR"},{"@type":"Organization","@id":"https:\/\/mcstaging.masterapplied.ca\/#organization","name":"Master Business Solutions","url":"https:\/\/mcstaging.masterapplied.ca\/","logo":{"@type":"ImageObject","inLanguage":"fr-FR","@id":"https:\/\/mcstaging.masterapplied.ca\/#\/schema\/logo\/image\/","url":"https:\/\/mcstaging.masterapplied.ca\/wp-content\/uploads\/2023\/12\/logo_master_business_solution_EN599.webp","contentUrl":"https:\/\/mcstaging.masterapplied.ca\/wp-content\/uploads\/2023\/12\/logo_master_business_solution_EN599.webp","width":298,"height":126,"caption":"Master Business Solutions"},"image":{"@id":"https:\/\/mcstaging.masterapplied.ca\/#\/schema\/logo\/image\/"}}]}},"_links":{"self":[{"href":"https:\/\/mcstaging.masterapplied.ca\/fr\/wp-json\/wp\/v2\/pages\/4419","targetHints":{"allow":["GET"]}}],"collection":[{"href":"https:\/\/mcstaging.masterapplied.ca\/fr\/wp-json\/wp\/v2\/pages"}],"about":[{"href":"https:\/\/mcstaging.masterapplied.ca\/fr\/wp-json\/wp\/v2\/types\/page"}],"author":[{"embeddable":true,"href":"https:\/\/mcstaging.masterapplied.ca\/fr\/wp-json\/wp\/v2\/users\/2"}],"replies":[{"embeddable":true,"href":"https:\/\/mcstaging.masterapplied.ca\/fr\/wp-json\/wp\/v2\/comments?post=4419"}],"version-history":[{"count":4,"href":"https:\/\/mcstaging.masterapplied.ca\/fr\/wp-json\/wp\/v2\/pages\/4419\/revisions"}],"predecessor-version":[{"id":7040,"href":"https:\/\/mcstaging.masterapplied.ca\/fr\/wp-json\/wp\/v2\/pages\/4419\/revisions\/7040"}],"wp:featuredmedia":[{"embeddable":true,"href":"https:\/\/mcstaging.masterapplied.ca\/fr\/wp-json\/wp\/v2\/media\/3367"}],"wp:attachment":[{"href":"https:\/\/mcstaging.masterapplied.ca\/fr\/wp-json\/wp\/v2\/media?parent=4419"}],"curies":[{"name":"wp","href":"https:\/\/api.w.org\/{rel}","templated":true}]}}