{"id":4341,"date":"2022-12-21T06:22:16","date_gmt":"2022-12-21T11:22:16","guid":{"rendered":"https:\/\/mcstaging.masterapplied.ca\/partenaires\/"},"modified":"2024-08-30T13:22:07","modified_gmt":"2024-08-30T17:22:07","slug":"partenaires","status":"publish","type":"page","link":"https:\/\/mcstaging.masterapplied.ca\/fr\/partenaires\/","title":{"rendered":"Partenaires"},"content":{"rendered":"<div class=\"wpb-content-wrapper\"><p>[vc_row content_placement=\u00a0\u00bbmiddle\u00a0\u00bb el_class=\u00a0\u00bbrow-pad\u00a0\u00bb][vc_column width=\u00a0\u00bb1\/2&Prime;][vc_single_image image=\u00a0\u00bb666&Prime; img_size=\u00a0\u00bbfull\u00a0\u00bb][\/vc_column][vc_column width=\u00a0\u00bb1\/2&Prime;][vc_custom_heading text=\u00a0\u00bbNos partenaires\u00a0\u00bb use_theme_fonts=\u00a0\u00bbyes\u00a0\u00bb][vc_custom_heading text=\u00a0\u00bbNotre \u00e9quipe Solutions d&rsquo;Affaires s&rsquo;engage \u00e0 fournir des solutions CVCA-R de premi\u00e8re qualit\u00e9 \u00e0 tous nos partenaires des march\u00e9s institutionnels, commerciaux et industriels, tout au long de la cha\u00eene de valeur des ventes. Nous offrons une formation et un soutien complets, ainsi qu&rsquo;une vari\u00e9t\u00e9 de services incluant, mais sans s&rsquo;y limiter, ce qui suit :\u00a0\u00bb font_container=\u00a0\u00bbtag:p|text_align:left\u00a0\u00bb use_theme_fonts=\u00a0\u00bbyes\u00a0\u00bb][vc_column_text]<\/p>\n<ul class=\"listing\">\n<li>Contr\u00f4le des vibrations et du bruit industriel &amp; commercial<\/li>\n<li>Soutien aux projets de conception-construction<\/li>\n<li>Assistance \u00e0 la conception pour les petites unit\u00e9s<\/li>\n<li>S\u00e9lection de produits et assistance technique<\/li>\n<li>Gestion de projet pour une coordination sans faille de la livraison<\/li>\n<li>Mise en service et supervision du site<\/li>\n<li>Formation sur les produits et les syst\u00e8mes (sur site et \u00e0 distance)<\/li>\n<li>Centre de formation certifi\u00e9 HITACHI (VRF)<\/li>\n<\/ul>\n<p>[\/vc_column_text][\/vc_column][\/vc_row][vc_row rtl_reverse=\u00a0\u00bbyes\u00a0\u00bb content_placement=\u00a0\u00bbmiddle\u00a0\u00bb el_class=\u00a0\u00bbrow-pad\u00a0\u00bb][vc_column width=\u00a0\u00bb1\/2&Prime;][vc_custom_heading text=\u00a0\u00bbEntrepreneurs\u00a0\u00bb use_theme_fonts=\u00a0\u00bbyes\u00a0\u00bb][vc_custom_heading text=\u00a0\u00bbQue vos projets soient planifi\u00e9s et sp\u00e9cifi\u00e9s ou qu&rsquo;il s&rsquo;agisse de conception-construction, Master peut s&rsquo;assurer que vos projets sont rentables et que vous r\u00e9ussissez. Nous fournissons un soutien technique et de conception, des s\u00e9lections d&rsquo;\u00e9quipement et un soutien \u00e0 la gestion de projet. Nous travaillerons avec vous et l&rsquo;ensemble de votre \u00e9quipe et vous fournirons ce dont vous avez besoin tout au long du cycle du projet, depuis le concept initial jusqu&rsquo;\u00e0 l&rsquo;installation et l&rsquo;assistance au d\u00e9marrage. Nous pouvons \u00e9galement fournir une assistance technique et des analyses pour r\u00e9pondre aux questions des propri\u00e9taires, des ing\u00e9nieurs ou des architectes.\u00a0\u00bb font_container=\u00a0\u00bbtag:p|text_align:left\u00a0\u00bb use_theme_fonts=\u00a0\u00bbyes\u00a0\u00bb][\/vc_column][vc_column width=\u00a0\u00bb1\/2&Prime;][vc_single_image image=\u00a0\u00bb205&Prime; img_size=\u00a0\u00bbfull\u00a0\u00bb][\/vc_column][\/vc_row][vc_row rtl_reverse=\u00a0\u00bbyes\u00a0\u00bb content_placement=\u00a0\u00bbmiddle\u00a0\u00bb el_class=\u00a0\u00bbrow-pad\u00a0\u00bb][vc_column width=\u00a0\u00bb1\/2&Prime;][vc_single_image image=\u00a0\u00bb206&Prime; img_size=\u00a0\u00bbfull\u00a0\u00bb][\/vc_column][vc_column width=\u00a0\u00bb1\/2&Prime;][vc_custom_heading text=\u00a0\u00bbArchitectes\u00a0\u00bb use_theme_fonts=\u00a0\u00bbyes\u00a0\u00bb][vc_custom_heading text=\u00a0\u00bbLes architectes sont confront\u00e9s \u00e0 des exigences et \u00e0 des syst\u00e8mes complexes. Nous fournissons une assistance locale directement par l&rsquo;interm\u00e9diaire de nos bureaux de vente de Solutions d&rsquo;Affaires (situ\u00e9s d&rsquo;un oc\u00e9an \u00e0 l&rsquo;autre). Nous disposons d&rsquo;une \u00e9quipe d\u00e9di\u00e9e \u00e0 la gestion des produits et d&rsquo;ing\u00e9nieurs hautement qualifi\u00e9s pour poser les bonnes questions et vous aider \u00e0 trouver le produit et le syst\u00e8me parfaits. Nous travaillons avec nos partenaires d\u00e8s les premi\u00e8res \u00e9tapes du d\u00e9veloppement et de la conception du projet, jusqu&rsquo;au d\u00e9marrage et \u00e0 la mise en service. Enfin, notre division de vente en gros travaille en \u00e9troite collaboration avec les entrepreneurs durant toute la dur\u00e9e de vie de l&rsquo;\u00e9quipement pour fournir des conseils suppl\u00e9mentaires sur les pi\u00e8ces d\u00e9tach\u00e9es, la maintenance et, \u00e9ventuellement, la modernisation.\u00a0\u00bb font_container=\u00a0\u00bbtag:p|text_align:left\u00a0\u00bb use_theme_fonts=\u00a0\u00bbyes\u00a0\u00bb css=\u00a0\u00bb\u00a0\u00bb][\/vc_column][\/vc_row][vc_row content_placement=\u00a0\u00bbmiddle\u00a0\u00bb el_class=\u00a0\u00bbrow-pad\u00a0\u00bb][vc_column width=\u00a0\u00bb1\/2&Prime;][vc_custom_heading text=\u00a0\u00bbPropri\u00e9taires de b\u00e2timents\u00a0\u00bb use_theme_fonts=\u00a0\u00bbyes\u00a0\u00bb][vc_custom_heading text=\u00a0\u00bbLes propri\u00e9taires et les promoteurs immobiliers pilotent les projets. Ils obtiennent le financement et les autorisations, constituent l&rsquo;\u00e9quipe de projet et finissent par attribuer le contrat. Notre \u00e9quipe travaillera avec vous ou votre repr\u00e9sentant pour vous fournir les recommandations de produits et de syst\u00e8mes les plus efficaces et les plus rentables. Nous veillerons \u00e0 ce que vous obteniez vos produits dans les d\u00e9lais et le budget impartis afin de concr\u00e9tiser votre vision.\u00a0\u00bb font_container=\u00a0\u00bbtag:p|text_align:left\u00a0\u00bb use_theme_fonts=\u00a0\u00bbyes\u00a0\u00bb][\/vc_column][vc_column width=\u00a0\u00bb1\/2&Prime;][vc_single_image image=\u00a0\u00bb202&Prime; img_size=\u00a0\u00bbfull\u00a0\u00bb][\/vc_column][\/vc_row][vc_row rtl_reverse=\u00a0\u00bbyes\u00a0\u00bb content_placement=\u00a0\u00bbmiddle\u00a0\u00bb el_class=\u00a0\u00bbrow-pad\u00a0\u00bb][vc_column width=\u00a0\u00bb1\/2&Prime;][vc_single_image image=\u00a0\u00bb203&Prime; img_size=\u00a0\u00bbfull\u00a0\u00bb][\/vc_column][vc_column width=\u00a0\u00bb1\/2&Prime;][vc_custom_heading text=\u00a0\u00bbIng\u00e9nieurs\u00a0\u00bb use_theme_fonts=\u00a0\u00bbyes\u00a0\u00bb][vc_custom_heading text=\u00a0\u00bbLes ing\u00e9nieurs ont besoin de comprendre le fonctionnement du projet et sont responsables de la conception de syst\u00e8mes et d&rsquo;\u00e9quipements qui fournissent des environnements int\u00e9rieurs confortables et s\u00fbrs. L&rsquo;\u00e9quipe Master vous fournira des informations d\u00e9taill\u00e9es sur nos produits (sp\u00e9cifications techniques, performances, points forts et limites). Nous avons l&rsquo;exp\u00e9rience de la conception et de l&rsquo;installation et nous vous fournirons des conseils et des recommandations sur la meilleure fa\u00e7on d&rsquo;int\u00e9grer nos produits dans un syst\u00e8me complet. Nous travaillerons en \u00e9troite collaboration avec vous pour comprendre vos besoins et vous fournir les meilleures recommandations et le meilleur soutien possibles (calculs techniques, fiches techniques, outils de conception et s\u00e9lections) pour vous aider \u00e0 cr\u00e9er des conceptions pr\u00e9cises et efficaces. Nous nous engageons \u00e0 fournir rapidement des connaissances et des conseils d&rsquo;experts sur les produits et les syst\u00e8mes, ainsi qu&rsquo;une assistance tout au long du processus de conception et d&rsquo;installation.\u00a0\u00bb font_container=\u00a0\u00bbtag:p|text_align:left\u00a0\u00bb use_theme_fonts=\u00a0\u00bbyes\u00a0\u00bb][\/vc_column][\/vc_row][vc_row content_placement=\u00a0\u00bbmiddle\u00a0\u00bb el_class=\u00a0\u00bbrow-pad\u00a0\u00bb][vc_column width=\u00a0\u00bb1\/2&Prime;][vc_custom_heading text=\u00a0\u00bbGestionnaire d&rsquo;installations\u00a0\u00bb use_theme_fonts=\u00a0\u00bbyes\u00a0\u00bb][vc_custom_heading text=\u00a0\u00bbLes gestionnaires d&rsquo;installations doivent souvent manier avec les d\u00e9cisions des autres et ont besoin d&rsquo;un partenaire qui conna\u00eet les derni\u00e8res tendances et technologies de l&rsquo;industrie. Master peut vous fournir des informations sur nos produits et services et vous aider \u00e0 choisir les meilleures options pour votre \u00e9tablissement. Nous pouvons r\u00e9pondre \u00e0 toutes vos questions et vous fournir une assistance technique si n\u00e9cessaire. En outre, nous travaillerons en \u00e9troite collaboration avec vous pour \u00e9laborer un plan personnalis\u00e9 pour votre installation et fournir une assistance continue pour garantir le bon fonctionnement de nos produits et syst\u00e8mes.\u00a0\u00bb font_container=\u00a0\u00bbtag:p|text_align:left\u00a0\u00bb use_theme_fonts=\u00a0\u00bbyes\u00a0\u00bb][\/vc_column][vc_column width=\u00a0\u00bb1\/2&Prime;][vc_single_image image=\u00a0\u00bb204&Prime; img_size=\u00a0\u00bbfull\u00a0\u00bb][\/vc_column][\/vc_row][vc_row disable_element=\u00a0\u00bbyes\u00a0\u00bb el_class=\u00a0\u00bbrow-pad no-bottom-pad\u00a0\u00bb][vc_column][vc_custom_heading text=\u00a0\u00bbOur Recent Clients\u00a0\u00bb use_theme_fonts=\u00a0\u00bbyes\u00a0\u00bb][vc_column_text]<\/p>\n<p style=\"text-align: left;\">Lorem ipsum dolor sit amet, consectetur adipisicing elit, sed do eiusmod tempor incididunt ut labore et dolore magna aliqua. Ut enim ad minim veniam, quis nostrud exercitation ullamco laboris nisi ut aliquip ex ea commodo consequat. Duis aute irure dolor in reprehenderit in voluptate velit esse cillum dolore eu fugiat nulla pariatur.<\/p>\n<p>[\/vc_column_text][\/vc_column][\/vc_row][vc_row disable_element=\u00a0\u00bbyes\u00a0\u00bb css=\u00a0\u00bb.vc_custom_1690879395441{padding-top: 20px !important;}\u00a0\u00bb][vc_column][vc_custom_heading text=\u00a0\u00bbSome of Our Strategic Customers\u00a0\u00bb use_theme_fonts=\u00a0\u00bbyes\u00a0\u00bb][vc_raw_html]W3Nob3dfYWxsX2xvZ29faW5mbyBsaW1pdD0iNSJd[\/vc_raw_html][\/vc_column][\/vc_row][vc_row disable_element=\u00a0\u00bbyes\u00a0\u00bb css=\u00a0\u00bb.vc_custom_1690879400778{padding-top: 50px !important;padding-bottom: 100px !important;}\u00a0\u00bb][vc_column][vc_raw_html]W3Nob3dfYWxsX2xvZ29faW5mb10=[\/vc_raw_html][\/vc_column][\/vc_row]<\/p>\n<\/div>","protected":false},"excerpt":{"rendered":"<p>[vc_row content_placement=\u00a0\u00bbmiddle\u00a0\u00bb el_class=\u00a0\u00bbrow-pad\u00a0\u00bb][vc_column width=\u00a0\u00bb1\/2&Prime;][vc_single_image image=\u00a0\u00bb666&Prime; img_size=\u00a0\u00bbfull\u00a0\u00bb][\/vc_column][vc_column width=\u00a0\u00bb1\/2&Prime;][vc_custom_heading text=\u00a0\u00bbNos partenaires\u00a0\u00bb use_theme_fonts=\u00a0\u00bbyes\u00a0\u00bb][vc_custom_heading text=\u00a0\u00bbNotre \u00e9quipe Solutions d&rsquo;Affaires s&rsquo;engage \u00e0 fournir des solutions CVCA-R de premi\u00e8re qualit\u00e9 \u00e0 tous nos partenaires des march\u00e9s institutionnels, commerciaux et industriels, tout au long de la cha\u00eene de valeur des ventes. Nous offrons une formation et un soutien complets, ainsi qu&rsquo;une vari\u00e9t\u00e9 de &#8230; <a title=\"Partenaires\" class=\"read-more\" href=\"https:\/\/mcstaging.masterapplied.ca\/fr\/partenaires\/\" aria-label=\"More on Partenaires\">Lire la suite<\/a><\/p>\n","protected":false},"author":2,"featured_media":3432,"parent":0,"menu_order":0,"comment_status":"closed","ping_status":"closed","template":"","meta":{"_acf_changed":false,"footnotes":""},"class_list":["post-4341","page","type-page","status-publish","has-post-thumbnail"],"acf":[],"yoast_head":"<!-- This site is optimized with the Yoast SEO plugin v27.5 - https:\/\/yoast.com\/product\/yoast-seo-wordpress\/ -->\n<title>Partenaires - Master Business Solutions<\/title>\n<meta name=\"robots\" content=\"noindex, follow, max-snippet:-1, max-image-preview:large, max-video-preview:-1\" \/>\n<meta property=\"og:locale\" content=\"fr_FR\" \/>\n<meta property=\"og:type\" content=\"article\" \/>\n<meta property=\"og:title\" content=\"Partenaires - Master Business Solutions\" \/>\n<meta property=\"og:description\" content=\"[vc_row content_placement=\u00a0\u00bbmiddle\u00a0\u00bb el_class=\u00a0\u00bbrow-pad\u00a0\u00bb][vc_column width=\u00a0\u00bb1\/2&Prime;][vc_single_image image=\u00a0\u00bb666&Prime; img_size=\u00a0\u00bbfull\u00a0\u00bb][\/vc_column][vc_column width=\u00a0\u00bb1\/2&Prime;][vc_custom_heading text=\u00a0\u00bbNos partenaires\u00a0\u00bb use_theme_fonts=\u00a0\u00bbyes\u00a0\u00bb][vc_custom_heading text=\u00a0\u00bbNotre \u00e9quipe Solutions d&rsquo;Affaires s&rsquo;engage \u00e0 fournir des solutions CVCA-R de premi\u00e8re qualit\u00e9 \u00e0 tous nos partenaires des march\u00e9s institutionnels, commerciaux et industriels, tout au long de la cha\u00eene de valeur des ventes. Nous offrons une formation et un soutien complets, ainsi qu&rsquo;une vari\u00e9t\u00e9 de ... Lire la suite\" \/>\n<meta property=\"og:url\" content=\"https:\/\/mcstaging.masterapplied.ca\/fr\/partenaires\/\" \/>\n<meta property=\"og:site_name\" content=\"Master Business Solutions\" \/>\n<meta property=\"article:modified_time\" content=\"2024-08-30T17:22:07+00:00\" \/>\n<meta property=\"og:image\" content=\"https:\/\/mcstaging.masterapplied.ca\/wp-content\/uploads\/2023\/01\/Rectangle-18-copy-1.png\" \/>\n\t<meta property=\"og:image:width\" content=\"1920\" \/>\n\t<meta property=\"og:image:height\" content=\"250\" \/>\n\t<meta property=\"og:image:type\" content=\"image\/png\" \/>\n<meta name=\"twitter:card\" content=\"summary_large_image\" \/>\n<meta name=\"twitter:label1\" content=\"Dur\u00e9e de lecture estim\u00e9e\" \/>\n\t<meta name=\"twitter:data1\" content=\"4 minutes\" \/>\n<script type=\"application\/ld+json\" class=\"yoast-schema-graph\">{\"@context\":\"https:\\\/\\\/schema.org\",\"@graph\":[{\"@type\":\"WebPage\",\"@id\":\"https:\\\/\\\/mcstaging.masterapplied.ca\\\/fr\\\/partenaires\\\/\",\"url\":\"https:\\\/\\\/mcstaging.masterapplied.ca\\\/fr\\\/partenaires\\\/\",\"name\":\"Partenaires - Master Business Solutions\",\"isPartOf\":{\"@id\":\"https:\\\/\\\/mcstaging.masterapplied.ca\\\/#website\"},\"primaryImageOfPage\":{\"@id\":\"https:\\\/\\\/mcstaging.masterapplied.ca\\\/fr\\\/partenaires\\\/#primaryimage\"},\"image\":{\"@id\":\"https:\\\/\\\/mcstaging.masterapplied.ca\\\/fr\\\/partenaires\\\/#primaryimage\"},\"thumbnailUrl\":\"https:\\\/\\\/mcstaging.masterapplied.ca\\\/wp-content\\\/uploads\\\/2023\\\/01\\\/Rectangle-18-copy-1.png\",\"datePublished\":\"2022-12-21T11:22:16+00:00\",\"dateModified\":\"2024-08-30T17:22:07+00:00\",\"breadcrumb\":{\"@id\":\"https:\\\/\\\/mcstaging.masterapplied.ca\\\/fr\\\/partenaires\\\/#breadcrumb\"},\"inLanguage\":\"fr-FR\",\"potentialAction\":[{\"@type\":\"ReadAction\",\"target\":[\"https:\\\/\\\/mcstaging.masterapplied.ca\\\/fr\\\/partenaires\\\/\"]}]},{\"@type\":\"ImageObject\",\"inLanguage\":\"fr-FR\",\"@id\":\"https:\\\/\\\/mcstaging.masterapplied.ca\\\/fr\\\/partenaires\\\/#primaryimage\",\"url\":\"https:\\\/\\\/mcstaging.masterapplied.ca\\\/wp-content\\\/uploads\\\/2023\\\/01\\\/Rectangle-18-copy-1.png\",\"contentUrl\":\"https:\\\/\\\/mcstaging.masterapplied.ca\\\/wp-content\\\/uploads\\\/2023\\\/01\\\/Rectangle-18-copy-1.png\",\"width\":1920,\"height\":250},{\"@type\":\"BreadcrumbList\",\"@id\":\"https:\\\/\\\/mcstaging.masterapplied.ca\\\/fr\\\/partenaires\\\/#breadcrumb\",\"itemListElement\":[{\"@type\":\"ListItem\",\"position\":1,\"name\":\"Home\",\"item\":\"https:\\\/\\\/mcstaging.masterapplied.ca\\\/fr\\\/\"},{\"@type\":\"ListItem\",\"position\":2,\"name\":\"Partenaires\"}]},{\"@type\":\"WebSite\",\"@id\":\"https:\\\/\\\/mcstaging.masterapplied.ca\\\/#website\",\"url\":\"https:\\\/\\\/mcstaging.masterapplied.ca\\\/\",\"name\":\"Master Business Solutions\",\"description\":\"\",\"publisher\":{\"@id\":\"https:\\\/\\\/mcstaging.masterapplied.ca\\\/#organization\"},\"potentialAction\":[{\"@type\":\"SearchAction\",\"target\":{\"@type\":\"EntryPoint\",\"urlTemplate\":\"https:\\\/\\\/mcstaging.masterapplied.ca\\\/?s={search_term_string}\"},\"query-input\":{\"@type\":\"PropertyValueSpecification\",\"valueRequired\":true,\"valueName\":\"search_term_string\"}}],\"inLanguage\":\"fr-FR\"},{\"@type\":\"Organization\",\"@id\":\"https:\\\/\\\/mcstaging.masterapplied.ca\\\/#organization\",\"name\":\"Master Business Solutions\",\"url\":\"https:\\\/\\\/mcstaging.masterapplied.ca\\\/\",\"logo\":{\"@type\":\"ImageObject\",\"inLanguage\":\"fr-FR\",\"@id\":\"https:\\\/\\\/mcstaging.masterapplied.ca\\\/#\\\/schema\\\/logo\\\/image\\\/\",\"url\":\"https:\\\/\\\/mcstaging.masterapplied.ca\\\/wp-content\\\/uploads\\\/2023\\\/12\\\/logo_master_business_solution_EN599.webp\",\"contentUrl\":\"https:\\\/\\\/mcstaging.masterapplied.ca\\\/wp-content\\\/uploads\\\/2023\\\/12\\\/logo_master_business_solution_EN599.webp\",\"width\":298,\"height\":126,\"caption\":\"Master Business Solutions\"},\"image\":{\"@id\":\"https:\\\/\\\/mcstaging.masterapplied.ca\\\/#\\\/schema\\\/logo\\\/image\\\/\"}}]}<\/script>\n<!-- \/ Yoast SEO plugin. -->","yoast_head_json":{"title":"Partenaires - Master Business Solutions","robots":{"index":"noindex","follow":"follow","max-snippet":"max-snippet:-1","max-image-preview":"max-image-preview:large","max-video-preview":"max-video-preview:-1"},"og_locale":"fr_FR","og_type":"article","og_title":"Partenaires - Master Business Solutions","og_description":"[vc_row content_placement=\u00a0\u00bbmiddle\u00a0\u00bb el_class=\u00a0\u00bbrow-pad\u00a0\u00bb][vc_column width=\u00a0\u00bb1\/2&Prime;][vc_single_image image=\u00a0\u00bb666&Prime; img_size=\u00a0\u00bbfull\u00a0\u00bb][\/vc_column][vc_column width=\u00a0\u00bb1\/2&Prime;][vc_custom_heading text=\u00a0\u00bbNos partenaires\u00a0\u00bb use_theme_fonts=\u00a0\u00bbyes\u00a0\u00bb][vc_custom_heading text=\u00a0\u00bbNotre \u00e9quipe Solutions d&rsquo;Affaires s&rsquo;engage \u00e0 fournir des solutions CVCA-R de premi\u00e8re qualit\u00e9 \u00e0 tous nos partenaires des march\u00e9s institutionnels, commerciaux et industriels, tout au long de la cha\u00eene de valeur des ventes. Nous offrons une formation et un soutien complets, ainsi qu&rsquo;une vari\u00e9t\u00e9 de ... Lire la suite","og_url":"https:\/\/mcstaging.masterapplied.ca\/fr\/partenaires\/","og_site_name":"Master Business Solutions","article_modified_time":"2024-08-30T17:22:07+00:00","og_image":[{"width":1920,"height":250,"url":"https:\/\/mcstaging.masterapplied.ca\/wp-content\/uploads\/2023\/01\/Rectangle-18-copy-1.png","type":"image\/png"}],"twitter_card":"summary_large_image","twitter_misc":{"Dur\u00e9e de lecture estim\u00e9e":"4 minutes"},"schema":{"@context":"https:\/\/schema.org","@graph":[{"@type":"WebPage","@id":"https:\/\/mcstaging.masterapplied.ca\/fr\/partenaires\/","url":"https:\/\/mcstaging.masterapplied.ca\/fr\/partenaires\/","name":"Partenaires - Master Business Solutions","isPartOf":{"@id":"https:\/\/mcstaging.masterapplied.ca\/#website"},"primaryImageOfPage":{"@id":"https:\/\/mcstaging.masterapplied.ca\/fr\/partenaires\/#primaryimage"},"image":{"@id":"https:\/\/mcstaging.masterapplied.ca\/fr\/partenaires\/#primaryimage"},"thumbnailUrl":"https:\/\/mcstaging.masterapplied.ca\/wp-content\/uploads\/2023\/01\/Rectangle-18-copy-1.png","datePublished":"2022-12-21T11:22:16+00:00","dateModified":"2024-08-30T17:22:07+00:00","breadcrumb":{"@id":"https:\/\/mcstaging.masterapplied.ca\/fr\/partenaires\/#breadcrumb"},"inLanguage":"fr-FR","potentialAction":[{"@type":"ReadAction","target":["https:\/\/mcstaging.masterapplied.ca\/fr\/partenaires\/"]}]},{"@type":"ImageObject","inLanguage":"fr-FR","@id":"https:\/\/mcstaging.masterapplied.ca\/fr\/partenaires\/#primaryimage","url":"https:\/\/mcstaging.masterapplied.ca\/wp-content\/uploads\/2023\/01\/Rectangle-18-copy-1.png","contentUrl":"https:\/\/mcstaging.masterapplied.ca\/wp-content\/uploads\/2023\/01\/Rectangle-18-copy-1.png","width":1920,"height":250},{"@type":"BreadcrumbList","@id":"https:\/\/mcstaging.masterapplied.ca\/fr\/partenaires\/#breadcrumb","itemListElement":[{"@type":"ListItem","position":1,"name":"Home","item":"https:\/\/mcstaging.masterapplied.ca\/fr\/"},{"@type":"ListItem","position":2,"name":"Partenaires"}]},{"@type":"WebSite","@id":"https:\/\/mcstaging.masterapplied.ca\/#website","url":"https:\/\/mcstaging.masterapplied.ca\/","name":"Master Business Solutions","description":"","publisher":{"@id":"https:\/\/mcstaging.masterapplied.ca\/#organization"},"potentialAction":[{"@type":"SearchAction","target":{"@type":"EntryPoint","urlTemplate":"https:\/\/mcstaging.masterapplied.ca\/?s={search_term_string}"},"query-input":{"@type":"PropertyValueSpecification","valueRequired":true,"valueName":"search_term_string"}}],"inLanguage":"fr-FR"},{"@type":"Organization","@id":"https:\/\/mcstaging.masterapplied.ca\/#organization","name":"Master Business Solutions","url":"https:\/\/mcstaging.masterapplied.ca\/","logo":{"@type":"ImageObject","inLanguage":"fr-FR","@id":"https:\/\/mcstaging.masterapplied.ca\/#\/schema\/logo\/image\/","url":"https:\/\/mcstaging.masterapplied.ca\/wp-content\/uploads\/2023\/12\/logo_master_business_solution_EN599.webp","contentUrl":"https:\/\/mcstaging.masterapplied.ca\/wp-content\/uploads\/2023\/12\/logo_master_business_solution_EN599.webp","width":298,"height":126,"caption":"Master Business Solutions"},"image":{"@id":"https:\/\/mcstaging.masterapplied.ca\/#\/schema\/logo\/image\/"}}]}},"_links":{"self":[{"href":"https:\/\/mcstaging.masterapplied.ca\/fr\/wp-json\/wp\/v2\/pages\/4341","targetHints":{"allow":["GET"]}}],"collection":[{"href":"https:\/\/mcstaging.masterapplied.ca\/fr\/wp-json\/wp\/v2\/pages"}],"about":[{"href":"https:\/\/mcstaging.masterapplied.ca\/fr\/wp-json\/wp\/v2\/types\/page"}],"author":[{"embeddable":true,"href":"https:\/\/mcstaging.masterapplied.ca\/fr\/wp-json\/wp\/v2\/users\/2"}],"replies":[{"embeddable":true,"href":"https:\/\/mcstaging.masterapplied.ca\/fr\/wp-json\/wp\/v2\/comments?post=4341"}],"version-history":[{"count":8,"href":"https:\/\/mcstaging.masterapplied.ca\/fr\/wp-json\/wp\/v2\/pages\/4341\/revisions"}],"predecessor-version":[{"id":6590,"href":"https:\/\/mcstaging.masterapplied.ca\/fr\/wp-json\/wp\/v2\/pages\/4341\/revisions\/6590"}],"wp:featuredmedia":[{"embeddable":true,"href":"https:\/\/mcstaging.masterapplied.ca\/fr\/wp-json\/wp\/v2\/media\/3432"}],"wp:attachment":[{"href":"https:\/\/mcstaging.masterapplied.ca\/fr\/wp-json\/wp\/v2\/media?parent=4341"}],"curies":[{"name":"wp","href":"https:\/\/api.w.org\/{rel}","templated":true}]}}